{"id":1404,"date":"2015-05-15T17:05:49","date_gmt":"2015-05-15T15:05:49","guid":{"rendered":"http:\/\/vu2080.web2.premium-webspace.net\/wopre\/?page_id=1404"},"modified":"2022-01-08T14:18:22","modified_gmt":"2022-01-08T13:18:22","slug":"statistiken","status":"publish","type":"page","link":"https:\/\/www.feuerwehr-aumuehle.de\/wopre\/alle-einsaetze\/statistiken\/","title":{"rendered":"Statistiken"},"content":{"rendered":"<p>Hier finden Sie Statistiken zu unseren Eins\u00e4tzen der letzten Jahre. Handfeste Zahlen geben einen Einblick in die Aktivit\u00e4t der Aum\u00fchler Feuerwehr.<\/p>\n<div class=\"box shortcode-box risen-icon-message\">\n<div class=\"icon risen-font-icon-info-sign\"><\/div>\n<div class=\"risen-icon-message-content\">\nDie Grafiken werden auf Grundlage der Einsatzlisten auf dieser Webseite erstellt und regelm\u00e4\u00dfig aktualisiert.<\/p>\n<p>Bei Grafiken mit einem Stern (*) im Titel wurden geplante Aktionen wie Laternenumz\u00fcge und Brandsicherheitswachen nicht miteinbezogen, da sie keine \u201eEins\u00e4tze\u201d im herk\u00f6mmlichen Sinne sind.\n<\/p><\/div>\n<\/div>\n<hr>\n<p>&nbsp;<\/p>\n<p><a  href=\"http:\/\/ffa.nobodyinperson.de\/plots\/ffa-einsaetze-nach-jahr.png\" data-rel=\"gallery-gallery-0\" data-rl_title=\"\" data-rl_caption=\"\" title=\"\"><img loading=\"lazy\" decoding=\"async\" class=\"alignleft\" src=\"http:\/\/ffa.nobodyinperson.de\/plots\/ffa-einsaetze-nach-jahr.png\" alt=\"\" width=\"400\" height=\"300\"><\/a><\/p>\n<p><a  href=\"http:\/\/ffa.nobodyinperson.de\/plots\/ffa-einsatz-barcode.png\" data-rel=\"gallery-gallery-0\" data-rl_title=\"\" data-rl_caption=\"\" title=\"\"><img loading=\"lazy\" decoding=\"async\" class=\"aligncenter\" src=\"http:\/\/ffa.nobodyinperson.de\/plots\/ffa-einsatz-barcode.png\" alt=\"\" width=\"400\" height=\"300\"><\/a><\/p>\n<hr>\n<p>&nbsp;<\/p>\n<p><a  href=\"http:\/\/ffa.nobodyinperson.de\/plots\/ffa-einsaetze-nach-art.png\" data-rel=\"gallery-gallery-0\" data-rl_title=\"\" data-rl_caption=\"\" title=\"\"><img loading=\"lazy\" decoding=\"async\" class=\"alignleft\" src=\"http:\/\/ffa.nobodyinperson.de\/plots\/ffa-einsaetze-nach-art.png\" alt=\"\" width=\"400\" height=\"300\"><\/a><\/p>\n<p><a  href=\"http:\/\/ffa.nobodyinperson.de\/plots\/ffa-einsaetze-nach-monat.png\" data-rel=\"gallery-gallery-0\" data-rl_title=\"\" data-rl_caption=\"\" title=\"\"><img loading=\"lazy\" decoding=\"async\" class=\"aligncenter\" src=\"http:\/\/ffa.nobodyinperson.de\/plots\/ffa-einsaetze-nach-monat.png\" alt=\"\" width=\"400\" height=\"300\"><\/a><\/p>\n<hr>\n<p><a  href=\"http:\/\/ffa.nobodyinperson.de\/plots\/ffa-einsaetze-nach-wochentag-torte.png\" data-rel=\"gallery-gallery-0\" data-rl_title=\"\" data-rl_caption=\"\" title=\"\"><img loading=\"lazy\" decoding=\"async\" class=\"alignleft\" src=\"http:\/\/ffa.nobodyinperson.de\/plots\/ffa-einsaetze-nach-wochentag-torte.png\" alt=\"\" width=\"400\" height=\"300\"><\/a><\/p>\n<p><a  href=\"http:\/\/ffa.nobodyinperson.de\/plots\/ffa-einsatzarten-nach-monat.png\" data-rel=\"gallery-gallery-0\" data-rl_title=\"\" data-rl_caption=\"\" title=\"\"><img loading=\"lazy\" decoding=\"async\" class=\"aligncenter\" src=\"http:\/\/ffa.nobodyinperson.de\/plots\/ffa-einsatzarten-nach-monat.png\" alt=\"\" width=\"400\" height=\"300\"><\/a><\/p>\n<hr>\n<p>&nbsp;<\/p>\n<p><a  href=\"http:\/\/ffa.nobodyinperson.de\/plots\/ffa-einsaetze-nach-uhrzeit.png\" data-rel=\"gallery-gallery-0\" data-rl_title=\"\" data-rl_caption=\"\" title=\"\"><img loading=\"lazy\" decoding=\"async\" class=\"alignleft\" src=\"http:\/\/ffa.nobodyinperson.de\/plots\/ffa-einsaetze-nach-uhrzeit.png\" alt=\"\" width=\"400\" height=\"300\"><\/a><\/p>\n<p><a  href=\"http:\/\/ffa.nobodyinperson.de\/plots\/ffa-mannschaft-nach-uhrzeit.png\" data-rel=\"gallery-gallery-0\" data-rl_title=\"\" data-rl_caption=\"\" title=\"\"><img loading=\"lazy\" decoding=\"async\" class=\"aligncenter\" src=\"http:\/\/ffa.nobodyinperson.de\/plots\/ffa-mannschaft-nach-uhrzeit.png\" alt=\"\" width=\"400\" height=\"300\"><\/a><\/p>\n<p>&nbsp;<\/p>\n<p><a  href=\"http:\/\/ffa.nobodyinperson.de\/plots\/ffa-einsatzdauer-nach-art.png\" data-rel=\"gallery-gallery-0\" data-rl_title=\"\" data-rl_caption=\"\" title=\"\"><img loading=\"lazy\" decoding=\"async\" class=\"alignleft\" src=\"http:\/\/ffa.nobodyinperson.de\/plots\/ffa-einsatzdauer-nach-art.png\" alt=\"\" width=\"400\" height=\"300\"><\/a><\/p>\n<p><a  href=\"http:\/\/ffa.nobodyinperson.de\/plots\/ffa-einsatz-prognose.png\" data-rel=\"gallery-gallery-0\" data-rl_title=\"\" data-rl_caption=\"\" title=\"\"><img loading=\"lazy\" decoding=\"async\" class=\"aligncenter\" src=\"http:\/\/ffa.nobodyinperson.de\/plots\/ffa-einsatz-prognose.png\" alt=\"\" width=\"400\" height=\"300\"><\/a><\/p>\n<hr>\n<p>Haben Sie eine Idee f\u00fcr eine weitere Grafik? Interessiert Sie ein besonderer Zusammenhang? Dann kontaktieren Sie gerne den Webmaster \u00fcber unser <a href=\"http:\/\/www.feuerwehr-aumuehle.de\/wopre\/kontakt\/\">Kontaktformular<\/a>. Wir sind offen f\u00fcr Vorschl\u00e4ge!<\/p>\n","protected":false},"excerpt":{"rendered":"<p>Hier finden Sie Statistiken zu unseren Eins\u00e4tzen der letzten Jahre. Handfeste Zahlen geben einen Einblick in die Aktivit\u00e4t der Aum\u00fchler Feuerwehr. &nbsp; &nbsp; &nbsp; &nbsp; Haben Sie eine Idee f\u00fcr eine weitere Grafik? Interessiert Sie ein besonderer Zusammenhang? Dann kontaktieren Sie gerne den Webmaster \u00fcber unser Kontaktformular. Wir sind offen f\u00fcr Vorschl\u00e4ge!<\/p>\n","protected":false},"author":4,"featured_media":1414,"parent":49,"menu_order":0,"comment_status":"closed","ping_status":"open","template":"","meta":{"footnotes":""},"class_list":["post-1404","page","type-page","status-publish","has-post-thumbnail","hentry"],"_links":{"self":[{"href":"https:\/\/www.feuerwehr-aumuehle.de\/wopre\/wp-json\/wp\/v2\/pages\/1404","targetHints":{"allow":["GET"]}}],"collection":[{"href":"https:\/\/www.feuerwehr-aumuehle.de\/wopre\/wp-json\/wp\/v2\/pages"}],"about":[{"href":"https:\/\/www.feuerwehr-aumuehle.de\/wopre\/wp-json\/wp\/v2\/types\/page"}],"author":[{"embeddable":true,"href":"https:\/\/www.feuerwehr-aumuehle.de\/wopre\/wp-json\/wp\/v2\/users\/4"}],"replies":[{"embeddable":true,"href":"https:\/\/www.feuerwehr-aumuehle.de\/wopre\/wp-json\/wp\/v2\/comments?post=1404"}],"version-history":[{"count":35,"href":"https:\/\/www.feuerwehr-aumuehle.de\/wopre\/wp-json\/wp\/v2\/pages\/1404\/revisions"}],"predecessor-version":[{"id":4909,"href":"https:\/\/www.feuerwehr-aumuehle.de\/wopre\/wp-json\/wp\/v2\/pages\/1404\/revisions\/4909"}],"up":[{"embeddable":true,"href":"https:\/\/www.feuerwehr-aumuehle.de\/wopre\/wp-json\/wp\/v2\/pages\/49"}],"wp:featuredmedia":[{"embeddable":true,"href":"https:\/\/www.feuerwehr-aumuehle.de\/wopre\/wp-json\/wp\/v2\/media\/1414"}],"wp:attachment":[{"href":"https:\/\/www.feuerwehr-aumuehle.de\/wopre\/wp-json\/wp\/v2\/media?parent=1404"}],"curies":[{"name":"wp","href":"https:\/\/api.w.org\/{rel}","templated":true}]}}