{"id":18,"date":"2015-02-14T20:34:08","date_gmt":"2015-02-14T19:34:08","guid":{"rendered":"http:\/\/vu2080.web2.premium-webspace.net\/wopre\/?page_id=18"},"modified":"2015-11-01T21:36:30","modified_gmt":"2015-11-01T20:36:30","slug":"ueber-uns","status":"publish","type":"page","link":"https:\/\/www.feuerwehr-aumuehle.de\/wopre\/ueber-uns\/","title":{"rendered":"\u00dcber uns"},"content":{"rendered":"<h1>Die Freiwillige Feuerwehr<\/h1>\n<p>Die Freiwillige Feuerwehr Aum\u00fchle (FFA) wurde 1904 gegr\u00fcndet und r\u00fcckt jedes Jahr durchschnittlich 50-mal aus. Unter ihrem Schutz steht nicht nur Aum\u00fchle, sondern auch Friedrichsruh, sowie das Gebiet des ber\u00fchmten Sachsenwaldes. Aufgrund dieses gro\u00dfen Eisatzgebietes mit unterschiedlichsten topographischen Gegebenheiten und Besiedlungsstrukturen, ist die Vielfalt der Einsatzarten leicht nachvollziehbar. Um dieser Einsatzvielfalt gewachsen zu sein, haben wir jeden Dienstagabend (19-21 Uhr) unseren \u00dcbungsdienst, wo wir jede m\u00f6gliche Art von Einsatzszenarien, sowie den Umgang mit der technischen Ausr\u00fcstung \u00fcben und auffrischen.<\/p>\n<p>Die aktive Einsatzabteilung der FFA besteht derzeit aus rund 34\u00a0freiwilligen Mitgliedern (Frauen und M\u00e4nnern) zwischen 18 und 67\u00a0Jahren, die sich mit gro\u00dfem Engagement und viel Freude ehrenamtlich f\u00fcr das Wohl der B\u00fcrger in und rund um Aum\u00fchle einsetzten.<\/p>\n<p>F\u00fcr alle Feuerwehrinteressierten unter 18 Jahren hat die Feuerwehr Aum\u00fchle auch eine eigene Jugendfeuerwehr, um M\u00e4dchen und Jungen aus Wohltorf, Reinbek (Krabbenkamp) und Aum\u00fchle schon fr\u00fch auf das Feuerwehrwesen vorzubereiten zu k\u00f6nnen und um sie sp\u00e4ter auch als Nachwuchs f\u00fcr die aktive Einsatzabteilung zu gewinnen. Aber es wird auch ein wichtiger Teil an Jugendarbeit geleistet, mit viel Spa\u00df und Unternehmungen. N\u00e4here Informationen zu unserer Jugendfeuerwehr erhalten Sie durch klicken auf &#8222;Jugendfeuerwehr&#8220; links im Stammmen\u00fc.<\/p>\n<p>Sollten wir Ihr Interesse oder das Ihrer Kinder, selbst in der Feuerwehr mitzuwirken, so laden wir Sie herzlich ein. Kommen Sie einfach an einem unserer \u00dcbungsabende vorbei (Immer dienstags 19-21 Uhr) und sprechen Sie uns an! Oder klicken Sie auf &#8222;Kontakt&#8220; links im Stammmen\u00fc und schreiben uns eine Email. Wir freuen uns immer \u00fcber neue Mitglieder!<\/p>\n<h1>Aum\u00fchle<\/h1>\n<p><a  href=\"http:\/\/www.feuerwehr-aumuehle.de\/wopre\/wp-content\/uploads\/2015\/02\/deutschlandkarte.png\" data-rel=\"gallery-gallery-0\" data-rl_title=\"\" data-rl_caption=\"\" title=\"\"><img loading=\"lazy\" decoding=\"async\" class=\"alignleft wp-image-350 size-medium\" src=\"http:\/\/www.feuerwehr-aumuehle.de\/wopre\/wp-content\/uploads\/2015\/02\/deutschlandkarte-253x300.png\" alt=\"deutschlandkarte\" width=\"253\" height=\"300\" srcset=\"https:\/\/www.feuerwehr-aumuehle.de\/wopre\/wp-content\/uploads\/2015\/02\/deutschlandkarte-253x300.png 253w, https:\/\/www.feuerwehr-aumuehle.de\/wopre\/wp-content\/uploads\/2015\/02\/deutschlandkarte.png 506w\" sizes=\"auto, (max-width: 253px) 100vw, 253px\" \/><\/a>Aum\u00fchle ist eine Gemeinde im Landkreis Herzogtum Lauenburg in Schleswig-Holstein, nahe der Freien und Hansestadt Hamburg gelegen. Die Gemeinde hat heute etwas mehr als 3000 Einwohner und umfasst ein Gebiet von 347,63 ha.<\/p>\n<p style=\"text-align: center;\">Besuchen Sie doch auch mal die Internetseite der Gemeinde Aum\u00fchle unter:<\/p>\n<p style=\"text-align: center;\"><a href=\"http:\/\/www.aumuehle.de\" target=\"_blank\">www.aumuehle.de<\/a><\/p>\n","protected":false},"excerpt":{"rendered":"<p>Die Freiwillige Feuerwehr Die Freiwillige Feuerwehr Aum\u00fchle (FFA) wurde 1904 gegr\u00fcndet und r\u00fcckt jedes Jahr durchschnittlich 50-mal aus. Unter ihrem Schutz steht nicht nur Aum\u00fchle, sondern auch Friedrichsruh, sowie das Gebiet des ber\u00fchmten Sachsenwaldes. Aufgrund dieses gro\u00dfen Eisatzgebietes mit unterschiedlichsten topographischen Gegebenheiten und Besiedlungsstrukturen, ist die Vielfalt der Einsatzarten leicht nachvollziehbar. Um dieser Einsatzvielfalt gewachsen [&hellip;]<\/p>\n","protected":false},"author":1,"featured_media":28,"parent":0,"menu_order":0,"comment_status":"closed","ping_status":"open","template":"","meta":{"footnotes":""},"class_list":["post-18","page","type-page","status-publish","has-post-thumbnail","hentry"],"_links":{"self":[{"href":"https:\/\/www.feuerwehr-aumuehle.de\/wopre\/wp-json\/wp\/v2\/pages\/18","targetHints":{"allow":["GET"]}}],"collection":[{"href":"https:\/\/www.feuerwehr-aumuehle.de\/wopre\/wp-json\/wp\/v2\/pages"}],"about":[{"href":"https:\/\/www.feuerwehr-aumuehle.de\/wopre\/wp-json\/wp\/v2\/types\/page"}],"author":[{"embeddable":true,"href":"https:\/\/www.feuerwehr-aumuehle.de\/wopre\/wp-json\/wp\/v2\/users\/1"}],"replies":[{"embeddable":true,"href":"https:\/\/www.feuerwehr-aumuehle.de\/wopre\/wp-json\/wp\/v2\/comments?post=18"}],"version-history":[{"count":13,"href":"https:\/\/www.feuerwehr-aumuehle.de\/wopre\/wp-json\/wp\/v2\/pages\/18\/revisions"}],"predecessor-version":[{"id":6336,"href":"https:\/\/www.feuerwehr-aumuehle.de\/wopre\/wp-json\/wp\/v2\/pages\/18\/revisions\/6336"}],"wp:featuredmedia":[{"embeddable":true,"href":"https:\/\/www.feuerwehr-aumuehle.de\/wopre\/wp-json\/wp\/v2\/media\/28"}],"wp:attachment":[{"href":"https:\/\/www.feuerwehr-aumuehle.de\/wopre\/wp-json\/wp\/v2\/media?parent=18"}],"curies":[{"name":"wp","href":"https:\/\/api.w.org\/{rel}","templated":true}]}}