{"id":2177,"date":"2016-04-19T16:46:03","date_gmt":"2016-04-19T14:46:03","guid":{"rendered":"http:\/\/www.feuerwehr-aumuehle.de\/wopre\/?page_id=2177"},"modified":"2017-05-12T18:07:41","modified_gmt":"2017-05-12T16:07:41","slug":"statistiken-jahr-2015","status":"publish","type":"page","link":"https:\/\/www.feuerwehr-aumuehle.de\/wopre\/alle-einsaetze\/statistiken\/statistiken-jahr-2015\/","title":{"rendered":"Jahr 2015"},"content":{"rendered":"<p>Hier finden Sie Statistiken zu unseren <a href=\"http:\/\/www.feuerwehr-aumuehle.de\/wopre\/alle-einsaetze\/einsaetze-2015\/\">Eins\u00e4tzen im Jahr <strong>2015<\/strong><\/a>. Handfeste Zahlen geben einen\u00a0Einblick in die Aktivit\u00e4t\u00a0der Aum\u00fchler Feuerwehr.<\/p>\n<div class=\"box shortcode-box risen-icon-message\">\n<div class=\"icon risen-font-icon-info-sign\"><\/div>\n<div class=\"risen-icon-message-content\">\nDie\u00a0Grafiken werden auf Grundlage der Einsatzlisten auf dieser\u00a0Webseite erstellt und regelm\u00e4\u00dfig aktualisiert.<\/p>\n<p>Bei Grafiken mit einem Stern (*) im Titel wurden geplante Aktionen wie Laternenumz\u00fcge und Brandsicherheitswachen nicht miteinbezogen, da sie keine \u201eEins\u00e4tze\u201d im herk\u00f6mmlichen Sinne sind.\n<\/p><\/div>\n<\/div>\n<hr \/>\n<p>&nbsp;<\/p>\n<p><a  href=\"http:\/\/ffa.nobodyinperson.de\/plots\/ffa-einsaetze-nach-art-2015.png\" data-rel=\"gallery-gallery-0\" data-rl_title=\"\" data-rl_caption=\"\" title=\"\"><img loading=\"lazy\" decoding=\"async\" class=\"alignleft\" src=\"http:\/\/ffa.nobodyinperson.de\/plots\/ffa-einsaetze-nach-art-2015.png\" alt=\"\" width=\"400\" height=\"300\" \/><\/a><\/p>\n<p><a  href=\"http:\/\/ffa.nobodyinperson.de\/plots\/ffa-einsaetze-nach-monat-2015.png\" data-rel=\"gallery-gallery-0\" data-rl_title=\"\" data-rl_caption=\"\" title=\"\"><img loading=\"lazy\" decoding=\"async\" class=\"aligncenter\" src=\"http:\/\/ffa.nobodyinperson.de\/plots\/ffa-einsaetze-nach-monat-2015.png\" alt=\"\" width=\"400\" height=\"300\" \/><\/a><\/p>\n<hr \/>\n<p><a  href=\"http:\/\/ffa.nobodyinperson.de\/plots\/ffa-einsaetze-nach-wochentag-torte-2015.png\" data-rel=\"gallery-gallery-0\" data-rl_title=\"\" data-rl_caption=\"\" title=\"\"><img loading=\"lazy\" decoding=\"async\" class=\"alignleft\" src=\"http:\/\/ffa.nobodyinperson.de\/plots\/ffa-einsaetze-nach-wochentag-torte-2015.png\" alt=\"\" width=\"400\" height=\"300\" \/><\/a><\/p>\n<p><a  href=\"http:\/\/ffa.nobodyinperson.de\/plots\/ffa-einsatzarten-nach-monat-2015.png\" data-rel=\"gallery-gallery-0\" data-rl_title=\"\" data-rl_caption=\"\" title=\"\"><img loading=\"lazy\" decoding=\"async\" class=\"aligncenter\" src=\"http:\/\/ffa.nobodyinperson.de\/plots\/ffa-einsatzarten-nach-monat-2015.png\" alt=\"\" width=\"400\" height=\"300\" \/><\/a><\/p>\n<hr \/>\n<p>&nbsp;<\/p>\n<p><a  href=\"http:\/\/ffa.nobodyinperson.de\/plots\/ffa-einsaetze-nach-uhrzeit-2015.png\" data-rel=\"gallery-gallery-0\" data-rl_title=\"\" data-rl_caption=\"\" title=\"\"><img loading=\"lazy\" decoding=\"async\" class=\"alignleft\" src=\"http:\/\/ffa.nobodyinperson.de\/plots\/ffa-einsaetze-nach-uhrzeit-2015.png\" alt=\"\" width=\"400\" height=\"300\" \/><\/a><\/p>\n<p><a  href=\"http:\/\/ffa.nobodyinperson.de\/plots\/ffa-mannschaft-nach-uhrzeit-2015.png\" data-rel=\"gallery-gallery-0\" data-rl_title=\"\" data-rl_caption=\"\" title=\"\"><img loading=\"lazy\" decoding=\"async\" class=\"aligncenter\" src=\"http:\/\/ffa.nobodyinperson.de\/plots\/ffa-mannschaft-nach-uhrzeit-2015.png\" alt=\"\" width=\"400\" height=\"300\" \/><\/a><\/p>\n<hr \/>\n<p><a  href=\"http:\/\/ffa.nobodyinperson.de\/plots\/ffa-einsatzdauer-nach-art-2015.png\" data-rel=\"gallery-gallery-0\" data-rl_title=\"\" data-rl_caption=\"\" title=\"\"><img loading=\"lazy\" decoding=\"async\" class=\"alignleft\" src=\"http:\/\/ffa.nobodyinperson.de\/plots\/ffa-einsatzdauer-nach-art-2015.png\" alt=\"\" width=\"400\" height=\"300\" \/><\/a><\/p>\n<p><a  href=\"http:\/\/ffa.nobodyinperson.de\/plots\/ffa-einsatz-barcode-2015.png\" data-rel=\"gallery-gallery-0\" data-rl_title=\"\" data-rl_caption=\"\" title=\"\"><img loading=\"lazy\" decoding=\"async\" class=\"aligncenter\" src=\"http:\/\/ffa.nobodyinperson.de\/plots\/ffa-einsatz-barcode-2015.png\" alt=\"\" width=\"400\" height=\"300\" \/><\/a><\/p>\n<hr \/>\n<p>Haben Sie eine Idee f\u00fcr eine weitere Grafik? Interessiert Sie ein besonderer Zusammenhang? Dann kontaktieren\u00a0Sie gerne den Webmaster \u00fcber unser <a href=\"http:\/\/www.feuerwehr-aumuehle.de\/wopre\/kontakt\/\">Kontaktformular<\/a>. Wir sind offen f\u00fcr Vorschl\u00e4ge!<\/p>\n","protected":false},"excerpt":{"rendered":"<p>Hier finden Sie Statistiken zu unseren Eins\u00e4tzen im Jahr 2015. Handfeste Zahlen geben einen\u00a0Einblick in die Aktivit\u00e4t\u00a0der Aum\u00fchler Feuerwehr. &nbsp; &nbsp; Haben Sie eine Idee f\u00fcr eine weitere Grafik? Interessiert Sie ein besonderer Zusammenhang? Dann kontaktieren\u00a0Sie gerne den Webmaster \u00fcber unser Kontaktformular. Wir sind offen f\u00fcr Vorschl\u00e4ge!<\/p>\n","protected":false},"author":4,"featured_media":1414,"parent":1404,"menu_order":0,"comment_status":"closed","ping_status":"closed","template":"","meta":{"footnotes":""},"class_list":["post-2177","page","type-page","status-publish","has-post-thumbnail","hentry"],"_links":{"self":[{"href":"https:\/\/www.feuerwehr-aumuehle.de\/wopre\/wp-json\/wp\/v2\/pages\/2177","targetHints":{"allow":["GET"]}}],"collection":[{"href":"https:\/\/www.feuerwehr-aumuehle.de\/wopre\/wp-json\/wp\/v2\/pages"}],"about":[{"href":"https:\/\/www.feuerwehr-aumuehle.de\/wopre\/wp-json\/wp\/v2\/types\/page"}],"author":[{"embeddable":true,"href":"https:\/\/www.feuerwehr-aumuehle.de\/wopre\/wp-json\/wp\/v2\/users\/4"}],"replies":[{"embeddable":true,"href":"https:\/\/www.feuerwehr-aumuehle.de\/wopre\/wp-json\/wp\/v2\/comments?post=2177"}],"version-history":[{"count":10,"href":"https:\/\/www.feuerwehr-aumuehle.de\/wopre\/wp-json\/wp\/v2\/pages\/2177\/revisions"}],"predecessor-version":[{"id":3022,"href":"https:\/\/www.feuerwehr-aumuehle.de\/wopre\/wp-json\/wp\/v2\/pages\/2177\/revisions\/3022"}],"up":[{"embeddable":true,"href":"https:\/\/www.feuerwehr-aumuehle.de\/wopre\/wp-json\/wp\/v2\/pages\/1404"}],"wp:featuredmedia":[{"embeddable":true,"href":"https:\/\/www.feuerwehr-aumuehle.de\/wopre\/wp-json\/wp\/v2\/media\/1414"}],"wp:attachment":[{"href":"https:\/\/www.feuerwehr-aumuehle.de\/wopre\/wp-json\/wp\/v2\/media?parent=2177"}],"curies":[{"name":"wp","href":"https:\/\/api.w.org\/{rel}","templated":true}]}}