{"id":231,"date":"2015-02-22T23:20:45","date_gmt":"2015-02-22T22:20:45","guid":{"rendered":"http:\/\/vu2080.web2.premium-webspace.net\/wopre\/?page_id=231"},"modified":"2015-05-26T22:24:20","modified_gmt":"2015-05-26T20:24:20","slug":"wir-suchen-dich","status":"publish","type":"page","link":"https:\/\/www.feuerwehr-aumuehle.de\/wopre\/wir-suchen-dich\/","title":{"rendered":"Wir suchen Dich!"},"content":{"rendered":"<h4 style=\"text-align: center;\"><strong>Vielseitige Aufgaben \u2013 Neue Erfahrungen \u2013 Besondere Kameradschaft &#8211;\u00a0Spannende M\u00f6glichkeiten<\/strong><\/h4>\n<p style=\"text-align: center;\">Das ist es, was den Dienst bei der Freiwilligen Feuerwehr zu etwas ganz Besonderem macht.<\/p>\n<p><strong>Suchst Du\u2026<\/strong><\/p>\n<ul style=\"list-style-type: none;\">\n<li>\u2026\u00a0ein interessantes und anspruchsvolles Hobby?<\/li>\n<li>\u2026\u00a0eine tolle Gemeinschaft und Kameradschaft?<\/li>\n<li>\u2026\u00a0eine T\u00e4tigkeit, bei der Du anderen Leuten helfen kannst?<\/li>\n<li>\u2026\u00a0den Umgang mit verschiedenen technischen Ger\u00e4ten?<\/li>\n<li>\u2026\u00a0einen Ort, wo Du dich engagieren kannst?<\/li>\n<\/ul>\n<p><strong>Bist Du\u2026<\/strong><\/p>\n<ul style=\"list-style-type: none;\">\n<li>\u2026\u00a0mindestens 18 Jahre alt?<\/li>\n<li>\u2026\u00a0k\u00f6rperlich und geistig fit und belastbar?<\/li>\n<li>\u2026\u00a0teamf\u00e4hig und kannst auf andere Menschen zugehen?<\/li>\n<li>\u2026\u00a0bereit, einen Teil deiner Freizeit zu investieren?<\/li>\n<li>\u2026\u00a0anderen uneigenn\u00fctzig zu helfen?<\/li>\n<li>\u2026\u00a0aufgeschlossen f\u00fcr Aus \u2013 und Fortbildungen?<\/li>\n<li>\u2026\u00a0wohnhaft in Aum\u00fchle oder n\u00e4herer Umgebung?<\/li>\n<\/ul>\n<h3 style=\"text-align: center;\"><strong>Dann bist <span style=\"color: #ff6600;\">DU<\/span>\u00a0bei uns <span style=\"color: #ff6600;\">GENAU RICHTIG<\/span>!<\/strong><\/h3>\n<p><strong>Wir bieten Dir:<\/strong><\/p>\n<ul>\n<li>eine sinnvolle Freizeitbesch\u00e4ftigung<\/li>\n<li>Erlernen von au\u00dfergew\u00f6hnlichen Kenntnissen und F\u00e4higkeiten<\/li>\n<li>Gemeinschaftserlebnisse in einem starken Team<\/li>\n<li>Action, Tag und Nacht<\/li>\n<li>und vieles, vieles mehr\u2026<\/li>\n<\/ul>\n<h3 style=\"text-align: center;\"><\/h3>\n<h3 style=\"text-align: center;\">Und,\u00a0haben wir dein Interesse geweckt?<\/h3>\n<p style=\"text-align: center;\">Dann komm vorbei und \u00fcberzeug Dich selbst!<br \/>\n\u201eReinschnuppern\u201c kostet nichts, macht sicher Spa\u00df und ist au\u00dferdem v\u00f6llig unverbindlich.<br \/>\nWir freuen uns auf Dich!<\/p>\n<h3 style=\"text-align: center;\"><\/h3>\n<h3 style=\"text-align: center;\"><strong>Wann? <\/strong><\/h3>\n<ul style=\"list-style-type: none; padding: 0px; margin: 0px;\">\n<li style=\"text-align: center;\">jeden <strong>Dienstag<\/strong> um <strong>19:00 Uhr<\/strong><\/li>\n<li style=\"text-align: center;\">im <strong>Feuerwehr Ger\u00e4tehaus<\/strong><\/li>\n<li style=\"text-align: center;\">Bergstra\u00dfe 9<\/li>\n<li style=\"text-align: center;\">21521 Aum\u00fchle<\/li>\n<\/ul>\n","protected":false},"excerpt":{"rendered":"<p>Vielseitige Aufgaben \u2013 Neue Erfahrungen \u2013 Besondere Kameradschaft &#8211;\u00a0Spannende M\u00f6glichkeiten Das ist es, was den Dienst bei der Freiwilligen Feuerwehr zu etwas ganz Besonderem macht. Suchst Du\u2026 \u2026\u00a0ein interessantes und anspruchsvolles Hobby? \u2026\u00a0eine tolle Gemeinschaft und Kameradschaft? \u2026\u00a0eine T\u00e4tigkeit, bei der Du anderen Leuten helfen kannst? \u2026\u00a0den Umgang mit verschiedenen technischen Ger\u00e4ten? \u2026\u00a0einen Ort, wo [&hellip;]<\/p>\n","protected":false},"author":1,"featured_media":1212,"parent":0,"menu_order":0,"comment_status":"closed","ping_status":"open","template":"","meta":{"footnotes":""},"class_list":["post-231","page","type-page","status-publish","has-post-thumbnail","hentry"],"_links":{"self":[{"href":"https:\/\/www.feuerwehr-aumuehle.de\/wopre\/wp-json\/wp\/v2\/pages\/231","targetHints":{"allow":["GET"]}}],"collection":[{"href":"https:\/\/www.feuerwehr-aumuehle.de\/wopre\/wp-json\/wp\/v2\/pages"}],"about":[{"href":"https:\/\/www.feuerwehr-aumuehle.de\/wopre\/wp-json\/wp\/v2\/types\/page"}],"author":[{"embeddable":true,"href":"https:\/\/www.feuerwehr-aumuehle.de\/wopre\/wp-json\/wp\/v2\/users\/1"}],"replies":[{"embeddable":true,"href":"https:\/\/www.feuerwehr-aumuehle.de\/wopre\/wp-json\/wp\/v2\/comments?post=231"}],"version-history":[{"count":8,"href":"https:\/\/www.feuerwehr-aumuehle.de\/wopre\/wp-json\/wp\/v2\/pages\/231\/revisions"}],"predecessor-version":[{"id":6664,"href":"https:\/\/www.feuerwehr-aumuehle.de\/wopre\/wp-json\/wp\/v2\/pages\/231\/revisions\/6664"}],"wp:featuredmedia":[{"embeddable":true,"href":"https:\/\/www.feuerwehr-aumuehle.de\/wopre\/wp-json\/wp\/v2\/media\/1212"}],"wp:attachment":[{"href":"https:\/\/www.feuerwehr-aumuehle.de\/wopre\/wp-json\/wp\/v2\/media?parent=231"}],"curies":[{"name":"wp","href":"https:\/\/api.w.org\/{rel}","templated":true}]}}