{"id":3589,"date":"2018-06-22T21:14:36","date_gmt":"2018-06-22T19:14:36","guid":{"rendered":"https:\/\/www.feuerwehr-aumuehle.de\/wopre\/?page_id=3589"},"modified":"2018-08-28T15:09:33","modified_gmt":"2018-08-28T13:09:33","slug":"unsere-unterstuetzer","status":"publish","type":"page","link":"https:\/\/www.feuerwehr-aumuehle.de\/wopre\/unsere-unterstuetzer\/","title":{"rendered":"Unsere Unterst\u00fctzer"},"content":{"rendered":"<p>Immer wieder gibt es kleine und gro\u00dfe Unternehmen, die die Arbeit der Freiwilligen Feuerwehr Aum\u00fchle unterst\u00fctzen. Diese Unterst\u00fctzung kann ganz unterschiedlich aussehen. Zum Teil werden Dienstleistungen g\u00fcnstiger oder komplett kostenlos angeboten, Material wird zur Verf\u00fcgung gestellt oder ein Beitrag gespendet.<\/p>\n<p>An dieser Stelle m\u00f6chten wir uns bei unseren Unterst\u00fctzern bedankten und haben dazu eine Liste der oben erw\u00e4hnten Unternehmen zusammengestellt.<\/p>\n<p>VIELEN DANK!<\/p>\n<style>\t\n\tdiv#wpl-logo-carousel-pro69f642e9bb2a7.wpl-logo-carousel-pro-area .wpl-lcp-item .wpl-lcp-item-border{\n\t\tpadding: 3px;\n\t}\n\tdiv.wpl-logo-carousel-pro-section.theme-carousel div#wpl-logo-carousel-pro69f642e9bb2a7 .wpl-lcp-item {\n\t\tfloat: none !important;\n\t\tdisplay: inline-block;\n\t\tvertical-align: middle;\n\t}\n\tdiv.wpl-logo-carousel-pro-section div#wpl-logo-carousel-pro69f642e9bb2a7 [class*=\"lcp-col\"]{\n\t\tvertical-align: middle;\n\t\tmargin: 0;\n\t\tbox-shadow: none;\n\t\t}div.wpl-logo-section-id-69f642e9bb2a7 .bx-viewport.bx-viewport { height: auto !important; }\n\tdiv.wpl-logo-carousel-pro-section div#wpl-logo-carousel-pro69f642e9bb2a7 .wpl-lcp-item:hover img{\n\t\t-webkit-transform: scale3d(1.1,1.1,1);\n\t\t -moz-transform: scale3d(1.1,1.1,1);\n\t    transform: scale3d(1.1,1.1,1);\n\t}\n\t\tdiv#wpl-logo-carousel-pro69f642e9bb2a7.wpl-logo-carousel-pro-area .wpl-lcp-item .hover-full-title,\n\t\tdiv#wpl-logo-carousel-pro69f642e9bb2a7.wpl-logo-carousel-pro-area .wpl-lcp-item .hover-bottom-title {\n\t\t\tbackground-color: #d6d6d6;\n\t\t\tcolor: #2f2f2f;\n\t\t\tfont-family: Open Sans;\n\t\t\tfont-size: 20px;\n\t\t\tfont-style: normal;\n\t\t\tfont-weight: 400;\n\t\t\tline-height:21px;\n\t\t\tletter-spacing: normal;\n\t\t\ttext-transform: none;\n\t\t\ttext-align: center;\n\t\t}\n\t\tdiv#wpl-logo-carousel-pro69f642e9bb2a7.wpl-logo-carousel-pro-area .wpl-lcp-item .top-title,\n\t\tdiv#wpl-logo-carousel-pro69f642e9bb2a7.wpl-logo-carousel-pro-area .wpl-lcp-item .middle-title,\n\t\tdiv#wpl-logo-carousel-pro69f642e9bb2a7.wpl-logo-carousel-pro-area .wpl-lcp-item .bottom-title,\n\t\tdiv#wpl-logo-carousel-pro69f642e9bb2a7.wpl-logo-carousel-pro-area .wpl-lcp-item .list-title{\n\t\t\tcolor: #2f2f2f;\n\t\t\tfont-family: Open Sans;\n\t\t\tfont-size: 20px;\n\t\t\tfont-style: normal;\n\t\t\tfont-weight: 400;\n\t\t\tline-height:21px;\n\t\t\tletter-spacing: normal;\n\t\t\ttext-transform: none;\n\t\t\ttext-align: center;\n\n\t\t}\n\t\tdiv#wpl-logo-carousel-pro69f642e9bb2a7.wpl-logo-carousel-pro-area .wpl-lcp-item .wpl-lcp-item-border{\n\t\t\tborder: 1px solid #ddd;\n\t\t}\n\t\tdiv#wpl-logo-carousel-pro69f642e9bb2a7.wpl-logo-carousel-pro-area .wpl-lcp-item:hover .wpl-lcp-item-border{\n\t\t\tborder-color: #d60000;\n\t\t}\n\t\tdiv#wpl-logo-carousel-pro69f642e9bb2a7.wpl-logo-carousel-pro-area .wpl-lcp-item .wpl-lcp-item-border{\n\t\t\tborder-radius: 10px;\n\t\t\tz-index: 1;\n\t\t\toverflow: hidden;\n\t\t}\n\t\tdiv#wpl-logo-carousel-pro69f642e9bb2a7.wpl-logo-carousel-pro-area .wpl-lcp-item .wpl-lcp-item-border{\n\t\t\t-webkit-box-shadow: 0 0 10px 0 #ddd;\n\t\t\t-moz-box-shadow:: 0 0 10px 0 #ddd;\n\t\t    box-shadow: 0 0 10px 0 #ddd;\n\t\t    margin-top: 6px;\n\t\t    margin-bottom:6px;\n\t\t}\n\t\tdiv#wpl-logo-carousel-pro69f642e9bb2a7.wpl-logo-carousel-pro-area .wpl-lcp-item:hover .wpl-lcp-item-border{\n\t\t\t-webkit-box-shadow: 0 0 10px 0 #ccc;\n\t\t\t-moz-box-shadow:: 0 0 10px 0 #ccc;\n\t\t    box-shadow: 0 0 10px 0 #ccc;\n\t\t}\n\t\t\n\t\tdiv.wpl-logo-carousel-pro-section.theme-carousel.lcp_horizontal div#wpl-logo-carousel-pro69f642e9bb2a7.wpl-logo-carousel-pro-area .slick-list{\n\t\t\tmargin-left: 0;\n\t\t\tmargin-right: 0;\n\t\t}\n\t\tdiv#wpl-logo-carousel-pro69f642e9bb2a7.wpl-logo-carousel-pro-area [class*=\"lcp-col-\"]{\n\t\t    margin-bottom: 6px;\n\t\t}div.wpl-logo-carousel-pro-section div#wpl-logo-carousel-pro69f642e9bb2a7 [class*=\"lcp-col\"]{\n\t\tmargin: 0;\n\t\tbox-shadow: none;\n\t\t}\n\tdiv.wpl-logo-carousel-pro-section.theme-grid #div#wpl-logo-carousel-pro69f642e9bb2a7.wpl-logo-carousel-pro-area .wpl-lcp-item,\ndiv.wpl-logo-carousel-pro-section.theme-filter div#wpl-logo-carousel-pro69f642e9bb2a7.wpl-logo-carousel-pro-area .wpl-lcp-item{\n\tmargin: 15px;\n}\n\t\t\n\t\tdiv.wpl-logo-carousel-pro-section.theme-grid div#wpl-logo-carousel-pro69f642e9bb2a7 .wpl-lcp-item{\n\t\t\tmargin: 15px;\n\t\t}\n\t\tdiv#wpl-logo-carousel-pro69f642e9bb2a7.wpl-logo-carousel-pro-area{overflow: hidden;}\n\t\t\n\t\tdiv#wpl-logo-carousel-pro69f642e9bb2a7 .lcp-pagination li span,\n\t\tdiv#wpl-logo-carousel-pro69f642e9bb2a7 .lcp-pagination li a{\n\t\tbackground-color: #f0f0f0; \n\t\tcolor: #afafaf;\n\t\t}\n\t\tdiv#wpl-logo-carousel-pro69f642e9bb2a7 .lcp-pagination li span.current,\n\t\tdiv#wpl-logo-carousel-pro69f642e9bb2a7 .lcp-pagination li a:hover{\n\t\tbackground-color: #d60000;\n\t\t color: #fff;\n\t\t }\n\t\t.tooltipster-sidetip.wpl-logo-carousel-pro69f642e9bb2a7style .tooltipster-box{\n\t\t\tbackground: #d60000;\n\t\t\tborder: 2px solid #d60000;\n\t\t}\n\t\t.tooltipster-sidetip.wpl-logo-carousel-pro69f642e9bb2a7style.tooltipster-bottom .tooltipster-arrow-background,\n\t\t.tooltipster-sidetip.wpl-logo-carousel-pro69f642e9bb2a7style.tooltipster-bottom .tooltipster-arrow-border {\n\t\t\tborder-bottom-color: #d60000;\n\t\t}\n\t\t\n\t\t.tooltipster-sidetip.wpl-logo-carousel-pro69f642e9bb2a7style.tooltipster-left .tooltipster-arrow-background,\n\t\t.tooltipster-sidetip.wpl-logo-carousel-pro69f642e9bb2a7style.tooltipster-left .tooltipster-arrow-border {\n\t\t\tborder-left-color: #d60000;\n\t\t}\n\t\t.tooltipster-sidetip.wpl-logo-carousel-pro69f642e9bb2a7style.tooltipster-right .tooltipster-arrow-background,\n\t\t.tooltipster-sidetip.wpl-logo-carousel-pro69f642e9bb2a7style.tooltipster-right .tooltipster-arrow-border {\n\t\t\tborder-right-color: #d60000;\n\t\t}\n\t\t.tooltipster-sidetip.wpl-logo-carousel-pro69f642e9bb2a7style.tooltipster-top .tooltipster-arrow-background,\n\t\t.tooltipster-sidetip.wpl-logo-carousel-pro69f642e9bb2a7style.tooltipster-top .tooltipster-arrow-border {\n\t\t\tborder-top-color: #d60000;\n\t\t}\n\t\t.tooltipster-sidetip.wpl-logo-carousel-pro69f642e9bb2a7style .tooltipster-box .tooltipster-content {\n\t\t\tcolor: #fff;\n\t\t}\n\t\tdiv#wpl-logo-carousel-pro69f642e9bb2a7.wpl-logo-carousel-pro-area ul.slick-dots li button{background: #bbb !important; }\n\t\tdiv#wpl-logo-carousel-pro69f642e9bb2a7.wpl-logo-carousel-pro-area ul.slick-dots li.slick-active button{background: #f5903b !important; }\n\n\t\tdiv.wpl-logo-carousel-pro-section.nav_position_bottom_left div#wpl-logo-carousel-pro69f642e9bb2a7.wpl-logo-carousel-pro-area .slick-prev,\n\t\tdiv.wpl-logo-carousel-pro-section.nav_position_bottom_left div#wpl-logo-carousel-pro69f642e9bb2a7.wpl-logo-carousel-pro-area .slick-next,\n\t\tdiv.wpl-logo-carousel-pro-section.nav_position_bottom_right div#wpl-logo-carousel-pro69f642e9bb2a7.wpl-logo-carousel-pro-area .slick-prev,\n\t\tdiv.wpl-logo-carousel-pro-section.nav_position_bottom_right div#wpl-logo-carousel-pro69f642e9bb2a7.wpl-logo-carousel-pro-area .slick-next{\n\t\t    bottom: -10px;\n\t\t}\n\t\tdiv.wpl-logo-carousel-pro-section.nav_position_vertical_center div#wpl-logo-carousel-pro69f642e9bb2a7.wpl-logo-carousel-pro-area .slick-prev,\n\t\tdiv.wpl-logo-carousel-pro-section.nav_position_vertical_center div#wpl-logo-carousel-pro69f642e9bb2a7.wpl-logo-carousel-pro-area .slick-next,\n\t\tdiv.wpl-logo-carousel-pro-section.nav_position_vertical_center_inner div#wpl-logo-carousel-pro69f642e9bb2a7.wpl-logo-carousel-pro-area .slick-prev,\n\t\tdiv.wpl-logo-carousel-pro-section.nav_position_vertical_center_inner div#wpl-logo-carousel-pro69f642e9bb2a7.wpl-logo-carousel-pro-area .slick-next,\n\t\tdiv.wpl-logo-carousel-pro-section.nav_position_vertical_center_inner_hover div#wpl-logo-carousel-pro69f642e9bb2a7.wpl-logo-carousel-pro-area .slick-prev,\n\t\tdiv.wpl-logo-carousel-pro-section.nav_position_vertical_center_inner_hover div#wpl-logo-carousel-pro69f642e9bb2a7.wpl-logo-carousel-pro-area .slick-next{\n\t\t\tmargin-top: -33px;\n\t\t}\n\n\t\tdiv.wpl-logo-carousel-pro-section.wpl-logo-section-id-69f642e9bb2a7.nav_position_bottom_right,\n\t\tdiv.wpl-logo-carousel-pro-section.wpl-logo-section-id-69f642e9bb2a7.nav_position_bottom_left {\n\t\t    padding-bottom: 10px;\n\t\t}<\/style><div class=\"wpl-logo-carousel-pro-section theme-grid wpl-logo-section-id-69f642e9bb2a7 title_position_top wpl-clear\"><div class=\"wpl-lcp-tooltip-conf\">{\"tooltip_effect\":\"grow\",\"tooltip_position\":\"top\",\"tooltip_width\":\"220\"}<\/div><div id=\"wpl-logo-carousel-pro69f642e9bb2a7\" class=\"wpl-logo-carousel-pro-area lcp-container wpllcp-ttip\" ><div class=\"lcp-col-lg-3 lcp-col-md-2 lcp-col-sm-2 lcp-col-xs-1\"><div class=\"wpl-lcp-item\"><div class=\"wpl-lcp-item-border wpl-lcp-tooltip\" title=\"Augustinum Aum\u00fchle\"><div class=\"top-title text-center logo-title\"><span>Augustinum Aum\u00fchle<\/span><\/div><div class=\"wpl-lcp-logo-wrapper\"><a target=\"_blank\" href=\"https:\/\/www.augustinum-seniorenresidenzen.de\/alle-standorte\/standorte\/aumuehle-bei-hamburg\/\" title=\"Augustinum Aum\u00fchle\" rel=\"nofollow\"><img decoding=\"async\" src=\"https:\/\/www.feuerwehr-aumuehle.de\/wopre\/wp-content\/uploads\/2018\/07\/ffa-logo-augustinum.png\" alt=\"Augustinum Aum\u00fchle\"><\/a><\/div><\/div><\/div><\/div><div class=\"lcp-col-lg-3 lcp-col-md-2 lcp-col-sm-2 lcp-col-xs-1\"><div class=\"wpl-lcp-item\"><div class=\"wpl-lcp-item-border wpl-lcp-tooltip\" title=\"B\u00e4ckerei Baumgarten\"><div class=\"top-title text-center logo-title\"><span>B\u00e4ckerei Baumgarten<\/span><\/div><div class=\"wpl-lcp-logo-wrapper\"><a target=\"_blank\" href=\"http:\/\/www.baeckerei-baumgarten.de\/\" title=\"B\u00e4ckerei Baumgarten\" rel=\"nofollow\"><img decoding=\"async\" src=\"https:\/\/www.feuerwehr-aumuehle.de\/wopre\/wp-content\/uploads\/2018\/07\/ffa-logo-baumgarten.png\" alt=\"B\u00e4ckerei Baumgarten\"><\/a><\/div><\/div><\/div><\/div><div class=\"lcp-col-lg-3 lcp-col-md-2 lcp-col-sm-2 lcp-col-xs-1\"><div class=\"wpl-lcp-item\"><div class=\"wpl-lcp-item-border wpl-lcp-tooltip\" title=\"Carl Brandt und Sohn\"><div class=\"top-title text-center logo-title\"><span>Carl Brandt und Sohn<\/span><\/div><div class=\"wpl-lcp-logo-wrapper\"><a target=\"_blank\" href=\"http:\/\/www.malerbrandt.de\/\" title=\"Carl Brandt und Sohn\" rel=\"nofollow\"><img decoding=\"async\" src=\"https:\/\/www.feuerwehr-aumuehle.de\/wopre\/wp-content\/uploads\/2018\/07\/ffa-logo-cbs.png\" alt=\"Carl Brandt und Sohn\"><\/a><\/div><\/div><\/div><\/div><div class=\"lcp-col-lg-3 lcp-col-md-2 lcp-col-sm-2 lcp-col-xs-1\"><div class=\"wpl-lcp-item\"><div class=\"wpl-lcp-item-border wpl-lcp-tooltip\" title=\"das Lichtbild Studio\"><div class=\"top-title text-center logo-title\"><span>das Lichtbild Studio<\/span><\/div><div class=\"wpl-lcp-logo-wrapper\"><a target=\"_blank\" href=\"https:\/\/www.lichtbildstudio.com\/\" title=\"das Lichtbild Studio\" rel=\"nofollow\"><img decoding=\"async\" src=\"https:\/\/www.feuerwehr-aumuehle.de\/wopre\/wp-content\/uploads\/2018\/07\/ffa_logo_lbs.png\" alt=\"das Lichtbild Studio\"><\/a><\/div><\/div><\/div><\/div><div class=\"lcp-col-lg-3 lcp-col-md-2 lcp-col-sm-2 lcp-col-xs-1\"><div class=\"wpl-lcp-item\"><div class=\"wpl-lcp-item-border wpl-lcp-tooltip\" title=\"Der Lackprofi Glinde\"><div class=\"top-title text-center logo-title\"><span>Der Lackprofi Glinde<\/span><\/div><div class=\"wpl-lcp-logo-wrapper\"><a target=\"_blank\" href=\"https:\/\/www.der-lackprofi-glinde.de\/\" title=\"Der Lackprofi Glinde\" rel=\"nofollow\"><img decoding=\"async\" src=\"https:\/\/www.feuerwehr-aumuehle.de\/wopre\/wp-content\/uploads\/2018\/07\/ffa-logo-lackprofi-glinde.png\" alt=\"Der Lackprofi Glinde\"><\/a><\/div><\/div><\/div><\/div><div class=\"lcp-col-lg-3 lcp-col-md-2 lcp-col-sm-2 lcp-col-xs-1\"><div class=\"wpl-lcp-item\"><div class=\"wpl-lcp-item-border wpl-lcp-tooltip\" title=\"E neukauf Kratzmann\"><div class=\"top-title text-center logo-title\"><span>E neukauf Kratzmann<\/span><\/div><div class=\"wpl-lcp-logo-wrapper\"><a target=\"_blank\" href=\"https:\/\/www.edeka.de\/eh\/nord\/e-neukauf-kratzmann-sachsenwaldstr.-20\/index.jsp\" title=\"E neukauf Kratzmann\" rel=\"nofollow\"><img decoding=\"async\" src=\"https:\/\/www.feuerwehr-aumuehle.de\/wopre\/wp-content\/uploads\/2018\/07\/ffa_logo_e_kratzmann.png\" alt=\"E neukauf Kratzmann\"><\/a><\/div><\/div><\/div><\/div><div class=\"lcp-col-lg-3 lcp-col-md-2 lcp-col-sm-2 lcp-col-xs-1\"><div class=\"wpl-lcp-item\"><div class=\"wpl-lcp-item-border wpl-lcp-tooltip\" title=\"Eberhard Fritzsche Grafik Design\"><div class=\"top-title text-center logo-title\"><span>Eberhard Fritzsche Grafik Design<\/span><\/div><div class=\"wpl-lcp-logo-wrapper\"><a target=\"_blank\" href=\"http:\/\/www.eberhardfritzsche.com\/\" title=\"Eberhard Fritzsche Grafik Design\" rel=\"nofollow\"><img decoding=\"async\" src=\"https:\/\/www.feuerwehr-aumuehle.de\/wopre\/wp-content\/uploads\/2018\/06\/ffa_logo_eberhard_f.png\" alt=\"Eberhard Fritzsche Grafik Design\"><\/a><\/div><\/div><\/div><\/div><div class=\"lcp-col-lg-3 lcp-col-md-2 lcp-col-sm-2 lcp-col-xs-1\"><div class=\"wpl-lcp-item\"><div class=\"wpl-lcp-item-border wpl-lcp-tooltip\" title=\"F\u00fcrst Bismarck Quelle\"><div class=\"top-title text-center logo-title\"><span>F\u00fcrst Bismarck Quelle<\/span><\/div><div class=\"wpl-lcp-logo-wrapper\"><a target=\"_blank\" href=\"http:\/\/www.hansa-heemann.de\/de\/unternehmen\/standorte\/aumuehle.html\" title=\"F\u00fcrst Bismarck Quelle\" rel=\"nofollow\"><img decoding=\"async\" src=\"https:\/\/www.feuerwehr-aumuehle.de\/wopre\/wp-content\/uploads\/2018\/07\/ffa_logo_bismarckquelle.png\" alt=\"F\u00fcrst Bismarck Quelle\"><\/a><\/div><\/div><\/div><\/div><div class=\"lcp-col-lg-3 lcp-col-md-2 lcp-col-sm-2 lcp-col-xs-1\"><div class=\"wpl-lcp-item\"><div class=\"wpl-lcp-item-border wpl-lcp-tooltip\" title=\"Mediasystem\"><div class=\"top-title text-center logo-title\"><span>Mediasystem<\/span><\/div><div class=\"wpl-lcp-logo-wrapper\"><a target=\"_blank\" href=\"https:\/\/www.mediasystem.com\/\" title=\"Mediasystem\" rel=\"nofollow\"><img decoding=\"async\" src=\"https:\/\/www.feuerwehr-aumuehle.de\/wopre\/wp-content\/uploads\/2018\/07\/ffa_logo_mediasystem.png\" alt=\"Mediasystem\"><\/a><\/div><\/div><\/div><\/div><div class=\"lcp-col-lg-3 lcp-col-md-2 lcp-col-sm-2 lcp-col-xs-1\"><div class=\"wpl-lcp-item\"><div class=\"wpl-lcp-item-border wpl-lcp-tooltip\" title=\"Monika Baumgard Gartenpflege\"><div class=\"top-title text-center logo-title\"><span>Monika Baumgard Gartenpflege<\/span><\/div><div class=\"wpl-lcp-logo-wrapper\"><a target=\"_blank\" href=\"http:\/\/www.mb-gartenpflege.de\/\" title=\"Monika Baumgard Gartenpflege\" rel=\"nofollow\"><img decoding=\"async\" src=\"https:\/\/www.feuerwehr-aumuehle.de\/wopre\/wp-content\/uploads\/2018\/07\/ffa-logo-mbgartenpflege.png\" alt=\"Monika Baumgard Gartenpflege\"><\/a><\/div><\/div><\/div><\/div><div class=\"lcp-col-lg-3 lcp-col-md-2 lcp-col-sm-2 lcp-col-xs-1\"><div class=\"wpl-lcp-item\"><div class=\"wpl-lcp-item-border wpl-lcp-tooltip\" title=\"Otto Villwock\"><div class=\"top-title text-center logo-title\"><span>Otto Villwock<\/span><\/div><div class=\"wpl-lcp-logo-wrapper\"><a target=\"_blank\" href=\"https:\/\/www.metallbau-reinbek.de\/\" title=\"Otto Villwock\" rel=\"nofollow\"><img decoding=\"async\" src=\"https:\/\/www.feuerwehr-aumuehle.de\/wopre\/wp-content\/uploads\/2018\/07\/ffa-logo-villwock.png\" alt=\"Otto Villwock\"><\/a><\/div><\/div><\/div><\/div><div class=\"lcp-col-lg-3 lcp-col-md-2 lcp-col-sm-2 lcp-col-xs-1\"><div class=\"wpl-lcp-item\"><div class=\"wpl-lcp-item-border wpl-lcp-tooltip\" title=\"QUERFORMAT DESIGN\"><div class=\"top-title text-center logo-title\"><span>QUERFORMAT DESIGN<\/span><\/div><div class=\"wpl-lcp-logo-wrapper\"><a target=\"_blank\" href=\"http:\/\/www.querformat-design.de\/\" title=\"QUERFORMAT DESIGN\" rel=\"nofollow\"><img decoding=\"async\" src=\"https:\/\/www.feuerwehr-aumuehle.de\/wopre\/wp-content\/uploads\/2018\/07\/ffa-logo-querformat-design.png\" alt=\"QUERFORMAT DESIGN\"><\/a><\/div><\/div><\/div><\/div><div class=\"lcp-col-lg-3 lcp-col-md-2 lcp-col-sm-2 lcp-col-xs-1\"><div class=\"wpl-lcp-item\"><div class=\"wpl-lcp-item-border wpl-lcp-tooltip\" title=\"Schlemmer-Fleischerei Schwiecker\"><div class=\"top-title text-center logo-title\"><span>Schlemmer-Fleischerei Schwiecker<\/span><\/div><div class=\"wpl-lcp-logo-wrapper\"><a target=\"_blank\" href=\"https:\/\/www.fleischerei-schwiecker.de\/\" title=\"Schlemmer-Fleischerei Schwiecker\" rel=\"nofollow\"><img decoding=\"async\" src=\"https:\/\/www.feuerwehr-aumuehle.de\/wopre\/wp-content\/uploads\/2018\/07\/ffa_logo_schwiecker.png\" alt=\"Schlemmer-Fleischerei Schwiecker\"><\/a><\/div><\/div><\/div><\/div><div class=\"lcp-col-lg-3 lcp-col-md-2 lcp-col-sm-2 lcp-col-xs-1\"><div class=\"wpl-lcp-item\"><div class=\"wpl-lcp-item-border wpl-lcp-tooltip\" title=\"Spedition Jan Bode\"><div class=\"top-title text-center logo-title\"><span>Spedition Jan Bode<\/span><\/div><div class=\"wpl-lcp-logo-wrapper\"><a target=\"_blank\" href=\"https:\/\/www.bodespedition.de\/\" title=\"Spedition Jan Bode\" rel=\"nofollow\"><img decoding=\"async\" src=\"https:\/\/www.feuerwehr-aumuehle.de\/wopre\/wp-content\/uploads\/2018\/07\/ffa_logo_jan_bode.png\" alt=\"Spedition Jan Bode\"><\/a><\/div><\/div><\/div><\/div><div class=\"lcp-col-lg-1 wpl-clear\"><\/div><\/div><\/div>\n","protected":false},"excerpt":{"rendered":"<p>Immer wieder gibt es kleine und gro\u00dfe Unternehmen, die die Arbeit der Freiwilligen Feuerwehr Aum\u00fchle unterst\u00fctzen. Diese Unterst\u00fctzung kann ganz unterschiedlich aussehen. Zum Teil werden Dienstleistungen g\u00fcnstiger oder komplett kostenlos angeboten, Material wird zur Verf\u00fcgung gestellt oder ein Beitrag gespendet. An dieser Stelle m\u00f6chten wir uns bei unseren Unterst\u00fctzern bedankten und haben dazu eine Liste [&hellip;]<\/p>\n","protected":false},"author":2,"featured_media":0,"parent":0,"menu_order":0,"comment_status":"closed","ping_status":"closed","template":"","meta":{"footnotes":""},"class_list":["post-3589","page","type-page","status-publish","hentry"],"_links":{"self":[{"href":"https:\/\/www.feuerwehr-aumuehle.de\/wopre\/wp-json\/wp\/v2\/pages\/3589","targetHints":{"allow":["GET"]}}],"collection":[{"href":"https:\/\/www.feuerwehr-aumuehle.de\/wopre\/wp-json\/wp\/v2\/pages"}],"about":[{"href":"https:\/\/www.feuerwehr-aumuehle.de\/wopre\/wp-json\/wp\/v2\/types\/page"}],"author":[{"embeddable":true,"href":"https:\/\/www.feuerwehr-aumuehle.de\/wopre\/wp-json\/wp\/v2\/users\/2"}],"replies":[{"embeddable":true,"href":"https:\/\/www.feuerwehr-aumuehle.de\/wopre\/wp-json\/wp\/v2\/comments?post=3589"}],"version-history":[{"count":8,"href":"https:\/\/www.feuerwehr-aumuehle.de\/wopre\/wp-json\/wp\/v2\/pages\/3589\/revisions"}],"predecessor-version":[{"id":3755,"href":"https:\/\/www.feuerwehr-aumuehle.de\/wopre\/wp-json\/wp\/v2\/pages\/3589\/revisions\/3755"}],"wp:attachment":[{"href":"https:\/\/www.feuerwehr-aumuehle.de\/wopre\/wp-json\/wp\/v2\/media?parent=3589"}],"curies":[{"name":"wp","href":"https:\/\/api.w.org\/{rel}","templated":true}]}}