{"id":4900,"date":"2022-01-08T14:10:25","date_gmt":"2022-01-08T13:10:25","guid":{"rendered":"https:\/\/www.feuerwehr-aumuehle.de\/wopre\/?page_id=4900"},"modified":"2022-01-30T16:58:55","modified_gmt":"2022-01-30T15:58:55","slug":"jahr-2022","status":"publish","type":"page","link":"https:\/\/www.feuerwehr-aumuehle.de\/wopre\/jahr-2022\/","title":{"rendered":"Jahr 2022"},"content":{"rendered":"<p>Hier finden Sie Statistiken zu unseren <a href=\"http:\/\/www.feuerwehr-aumuehle.de\/wopre\/einsaetze-2022\/\">Eins\u00e4tzen im Jahr <strong>2022<\/strong><\/a>. Handfeste Zahlen geben einen\u00a0Einblick in die Aktivit\u00e4t\u00a0der Aum\u00fchler Feuerwehr.<\/p>\n<div class=\"box shortcode-box risen-icon-message\">\n<div class=\"icon risen-font-icon-info-sign\"><\/div>\n<div class=\"risen-icon-message-content\">\nDie\u00a0Grafiken werden auf Grundlage der Einsatzlisten auf dieser\u00a0Webseite erstellt und regelm\u00e4\u00dfig aktualisiert.<\/p>\n<p>Bei Grafiken mit einem Stern (*) im Titel wurden geplante Aktionen wie Laternenumz\u00fcge und Brandsicherheitswachen nicht miteinbezogen, da sie keine \u201eEins\u00e4tze\u201d im herk\u00f6mmlichen Sinne sind.\n<\/p><\/div>\n<\/div>\n<hr \/>\n<p><a  href=\"http:\/\/ffa.nobodyinperson.de\/plots\/ffa-einsaetze-nach-art-2022.png\" data-rel=\"gallery-gallery-0\" data-rl_title=\"\" data-rl_caption=\"\" title=\"\"><img loading=\"lazy\" decoding=\"async\" class=\"alignleft\" src=\"http:\/\/ffa.nobodyinperson.de\/plots\/ffa-einsaetze-nach-art-2022.png\" alt=\"\" width=\"400\" height=\"300\" \/><\/a><\/p>\n<p><a  href=\"http:\/\/ffa.nobodyinperson.de\/plots\/ffa-einsaetze-nach-monat-2022.png\" data-rel=\"gallery-gallery-0\" data-rl_title=\"\" data-rl_caption=\"\" title=\"\"><img loading=\"lazy\" decoding=\"async\" class=\"aligncenter\" src=\"http:\/\/ffa.nobodyinperson.de\/plots\/ffa-einsaetze-nach-monat-2022.png\" alt=\"\" width=\"400\" height=\"300\" \/><\/a><\/p>\n<hr \/>\n<p><a  href=\"http:\/\/ffa.nobodyinperson.de\/plots\/ffa-einsaetze-nach-wochentag-torte-2022.png\" data-rel=\"gallery-gallery-0\" data-rl_title=\"\" data-rl_caption=\"\" title=\"\"><img loading=\"lazy\" decoding=\"async\" class=\"alignleft\" src=\"http:\/\/ffa.nobodyinperson.de\/plots\/ffa-einsaetze-nach-wochentag-torte-2022.png\" alt=\"\" width=\"400\" height=\"300\" \/><\/a><\/p>\n<p><a  href=\"http:\/\/ffa.nobodyinperson.de\/plots\/ffa-einsatzarten-nach-monat-2022.png\" data-rel=\"gallery-gallery-0\" data-rl_title=\"\" data-rl_caption=\"\" title=\"\"><img loading=\"lazy\" decoding=\"async\" class=\"aligncenter\" src=\"http:\/\/ffa.nobodyinperson.de\/plots\/ffa-einsatzarten-nach-monat-2022.png\" alt=\"\" width=\"400\" height=\"300\" \/><\/a><\/p>\n<hr \/>\n<p><a  href=\"http:\/\/ffa.nobodyinperson.de\/plots\/ffa-einsaetze-nach-uhrzeit-2022.png\" data-rel=\"gallery-gallery-0\" data-rl_title=\"\" data-rl_caption=\"\" title=\"\"><img loading=\"lazy\" decoding=\"async\" class=\"alignleft\" src=\"http:\/\/ffa.nobodyinperson.de\/plots\/ffa-einsaetze-nach-uhrzeit-2022.png\" alt=\"\" width=\"400\" height=\"300\" \/><\/a><\/p>\n<p><a  href=\"http:\/\/ffa.nobodyinperson.de\/plots\/ffa-mannschaft-nach-uhrzeit-2022.png\" data-rel=\"gallery-gallery-0\" data-rl_title=\"\" data-rl_caption=\"\" title=\"\"><img loading=\"lazy\" decoding=\"async\" class=\"aligncenter\" src=\"http:\/\/ffa.nobodyinperson.de\/plots\/ffa-mannschaft-nach-uhrzeit-2022.png\" alt=\"\" width=\"400\" height=\"300\" \/><\/a><\/p>\n<hr \/>\n<p><a  href=\"http:\/\/ffa.nobodyinperson.de\/plots\/ffa-einsatzdauer-nach-art-2022.png\" data-rel=\"gallery-gallery-0\" data-rl_title=\"\" data-rl_caption=\"\" title=\"\"><img loading=\"lazy\" decoding=\"async\" class=\"alignleft\" src=\"http:\/\/ffa.nobodyinperson.de\/plots\/ffa-einsatzdauer-nach-art-2022.png\" alt=\"\" width=\"400\" height=\"300\" \/><\/a><\/p>\n<p><a  href=\"http:\/\/ffa.nobodyinperson.de\/plots\/ffa-einsatz-barcode-2022.png\" data-rel=\"gallery-gallery-0\" data-rl_title=\"\" data-rl_caption=\"\" title=\"\"><img loading=\"lazy\" decoding=\"async\" class=\"aligncenter\" src=\"http:\/\/ffa.nobodyinperson.de\/plots\/ffa-einsatz-barcode-2022.png\" alt=\"\" width=\"400\" height=\"300\" \/><\/a><\/p>\n<hr \/>\n<p>Haben Sie eine Idee f\u00fcr eine weitere Grafik? Interessiert Sie ein besonderer Zusammenhang? Dann kontaktieren\u00a0Sie gerne den Webmaster \u00fcber unser <a href=\"http:\/\/www.feuerwehr-aumuehle.de\/wopre\/kontakt\/\">Kontaktformular<\/a>. Wir sind offen f\u00fcr Vorschl\u00e4ge!<\/p>\n","protected":false},"excerpt":{"rendered":"<p>Hier finden Sie Statistiken zu unseren Eins\u00e4tzen im Jahr 2022. Handfeste Zahlen geben einen\u00a0Einblick in die Aktivit\u00e4t\u00a0der Aum\u00fchler Feuerwehr. Haben Sie eine Idee f\u00fcr eine weitere Grafik? Interessiert Sie ein besonderer Zusammenhang? Dann kontaktieren\u00a0Sie gerne den Webmaster \u00fcber unser Kontaktformular. Wir sind offen f\u00fcr Vorschl\u00e4ge!<\/p>\n","protected":false},"author":2,"featured_media":0,"parent":0,"menu_order":0,"comment_status":"closed","ping_status":"closed","template":"","meta":{"footnotes":""},"class_list":["post-4900","page","type-page","status-publish","hentry"],"_links":{"self":[{"href":"https:\/\/www.feuerwehr-aumuehle.de\/wopre\/wp-json\/wp\/v2\/pages\/4900","targetHints":{"allow":["GET"]}}],"collection":[{"href":"https:\/\/www.feuerwehr-aumuehle.de\/wopre\/wp-json\/wp\/v2\/pages"}],"about":[{"href":"https:\/\/www.feuerwehr-aumuehle.de\/wopre\/wp-json\/wp\/v2\/types\/page"}],"author":[{"embeddable":true,"href":"https:\/\/www.feuerwehr-aumuehle.de\/wopre\/wp-json\/wp\/v2\/users\/2"}],"replies":[{"embeddable":true,"href":"https:\/\/www.feuerwehr-aumuehle.de\/wopre\/wp-json\/wp\/v2\/comments?post=4900"}],"version-history":[{"count":4,"href":"https:\/\/www.feuerwehr-aumuehle.de\/wopre\/wp-json\/wp\/v2\/pages\/4900\/revisions"}],"predecessor-version":[{"id":4941,"href":"https:\/\/www.feuerwehr-aumuehle.de\/wopre\/wp-json\/wp\/v2\/pages\/4900\/revisions\/4941"}],"wp:attachment":[{"href":"https:\/\/www.feuerwehr-aumuehle.de\/wopre\/wp-json\/wp\/v2\/media?parent=4900"}],"curies":[{"name":"wp","href":"https:\/\/api.w.org\/{rel}","templated":true}]}}