{"id":6045,"date":"2024-06-13T12:16:05","date_gmt":"2024-06-13T10:16:05","guid":{"rendered":"https:\/\/www.feuerwehr-aumuehle.de\/wopre\/?page_id=6045"},"modified":"2024-06-28T23:24:07","modified_gmt":"2024-06-28T21:24:07","slug":"neubaufgh","status":"publish","type":"page","link":"https:\/\/www.feuerwehr-aumuehle.de\/wopre\/neubaufgh\/","title":{"rendered":"Neubau Feuerwehrger\u00e4tehaus Aum\u00fchle"},"content":{"rendered":"\n<h3 class=\"wp-block-heading\" id=\"Das_Feuerwehrger\u00e4tehaus_-_der_Dreh-_und_Angelpunkt\">Das Feuerwehrger\u00e4tehaus &#8211; der Dreh- und Angelpunkt<\/h3>\n\n\n\n<p>Das Feuerwehrger\u00e4tehaus ist der zentrale Dreh- und Angelpunkt einer jeden Feuerwehr. Meist von weitem durch die gro\u00dfen Fahrzeugtore erkennbar, dient der funktionale Bau dazu, den Einsatzkr\u00e4ften das Ausr\u00fccken im Alarmfall z\u00fcgig zu erm\u00f6glichen.<\/p>\n\n\n\n<p>Von au\u00dfen betrachtet wirken diese Geb\u00e4ude meist schlicht und eckig, in ihnen steckt jedoch eine Menge Technik und bauliche Besonderheiten, die man so in anderen Bauten nicht findet. Und damit ist nicht die &#8222;Rutschstange&#8220; gemeint, die es ausschlie\u00dfliche in FeuerWACHEN gibt. Unterschied ist, dass Feuerwachen rund um die Uhr von Berufsfeuerwehrleuten besetzt sind, w\u00e4hrend Feuerwehrger\u00e4teh\u00e4user im Einsatzfall von ehrenamtlichen B\u00fcrger:innen von zu Hause oder der Arbeit angefahren werden, die sich dort umziehen und die Einsatzfahrzeuge besetzen.<\/p>\n\n\n\n<h3 class=\"wp-block-heading\" id=\"Die_\u00f6rtliche_Lage_\/_Gefahren_bei_An-_und_Abfahrtswegen\">Die \u00f6rtliche Lage \/ Gefahren bei An- und Abfahrtswegen<\/h3>\n\n\n<div class=\"wp-block-image\">\n<figure class=\"alignright size-full is-resized\"><a  href=\"https:\/\/www.feuerwehr-aumuehle.de\/wopre\/wp-content\/uploads\/2024\/06\/hfuk_an_abfahrt_bild1.png\" data-rel=\"gallery-gallery-0\" data-rl_title=\"\" data-rl_caption=\"\" title=\"\"><img loading=\"lazy\" decoding=\"async\" width=\"692\" height=\"586\" src=\"https:\/\/www.feuerwehr-aumuehle.de\/wopre\/wp-content\/uploads\/2024\/06\/hfuk_an_abfahrt_bild1.png\" alt=\"\" class=\"wp-image-6090\" style=\"width:306px;height:auto\" srcset=\"https:\/\/www.feuerwehr-aumuehle.de\/wopre\/wp-content\/uploads\/2024\/06\/hfuk_an_abfahrt_bild1.png 692w, https:\/\/www.feuerwehr-aumuehle.de\/wopre\/wp-content\/uploads\/2024\/06\/hfuk_an_abfahrt_bild1-300x254.png 300w\" sizes=\"auto, (max-width: 692px) 100vw, 692px\" \/><\/a><figcaption class=\"wp-element-caption\">Ein Beispielbild f\u00fcr sich kreuzende Wege bei der Anfahrt zum Feuerwehrger\u00e4tehaus. Quelle: HFUK<\/figcaption><\/figure>\n<\/div>\n\n\n<p>Die Besonderheiten beginnen bereits bei der Lage innerhalb eines Ortes. Diese sollte zentral gew\u00e4hlt sein um die An- und Abfahrtswege im Ort m\u00f6glichst kurz zu halten. Bei den Zufahrten muss sehr genau darauf  geachtet werden, dass sich die Wege der ankommenden Feuerwehrmitglieder in ihren privaten PKWs, auf dem Fahrrad oder zu Fu\u00df nicht mit den ausr\u00fcckenden Einsatzfahrzeugen kreuzen. Hierf\u00fcr gibt es strikt einzuhaltende <a href=\"https:\/\/www.hfuknord.de\/hfuk\/praevention\/projekte-und-aktionen\/Feuerwehrhaus.php\">Vorgaben der Hanseatischen Feuerwehrunfallkasse (HFUK)<\/a>, die f\u00fcr den Versicherungsschutz einer Feuerwehr verantwortlich ist, \u00e4hnlich einer Berufsgenossenschaft.<\/p>\n\n\n\n<p>Am Ger\u00e4tehaus angekommen, erfolgt das Umziehen in entsprechende Einsatzschutzkleidung. Hier gilt es wenig Zeit zu verlieren und die Wege kurz zu halten. Au\u00dferdem ist eine Trennung beim umziehen zwischen M\u00e4nnern und Frauen obligatorisch. Die weiteren Wege zu den Fahrzeugen und das losfahren sind ebenfalls so optimal wie m\u00f6glich zu gestalten, denn kaum wo anderes gilt, dass &#8222;jede Sekunde z\u00e4hlt&#8220;!<\/p>\n\n\n\n<h3 class=\"wp-block-heading\" id=\"Unser_h\u00f6chstes_Gut_-_die_Gesundheit\">Unser h\u00f6chstes Gut &#8211; die Gesundheit<\/h3>\n\n\n\n<p>Um mit einer Redensart weiter zu machen; &#8222;nach dem Einsatz, ist vor dem Einsatz&#8220;. Damit beim n\u00e4chsten Alarm Kleidung, Fahrzeuge und Ger\u00e4tschaften wieder voll einsatzbereit sind, gilt es nach der R\u00fcckkehr von einem Einsatz s\u00e4mtliches Equipment zu reinigen und aufzuf\u00fcllen. Da die Feuerwehr meist dann alarmiert wird, wenn es &#8222;gewaltig schief l\u00e4uft&#8220;, kommt die Technik und auch das Personal h\u00e4ufig mit zum teil gesundheitssch\u00e4dlichen Stoffen in Ber\u00fchrung. Auch wenn der K\u00f6rper durch die Einsatzschutzkleidung oder Atemschutzger\u00e4te vor diesen Stoffen bestm\u00f6glich gesch\u00fctzt wird, haften sie weiter an Ger\u00e4tschaften und in der Einsatzkleidung. Daher Bedarf die Handhabung und Reinigung dieser kontaminierten Gegenst\u00e4nde einer sehr hohe Aufmerksamkeit. <\/p>\n\n\n\n<h3 class=\"wp-block-heading\" id=\"Schwarz-Wei\u00df-Trennung\">Schwarz-Wei\u00df-Trennung<\/h3>\n\n\n\n<p>Man spricht hier von der &#8222;schwarz-wei\u00df Trennung&#8220;. So gilt es, bei der Planung von Feuerwehrger\u00e4teh\u00e4usern darauf zu achten, dass Verkehrswege auch nach dem Einsatz sinnvoll zu nutzen sind. Durch den Einsatz verschmutzte Fahrzeuge und deren Equipment werden zun\u00e4chst in eine separate Waschhalle gefahren, dort gereinigt und anschlie\u00dfend zur\u00fcck auf ihren sauberen Stellplatz gestellt. Und ja, diese Reinigungsma\u00dfnahmen m\u00fcssen auch nachts um 04:30 Uhr bei -5 Grad sofort durchgef\u00fchrt werden, daher ist eine Waschhalle mit ausreichend Platz rund um das Fahrzeug erforderlich.<\/p>\n\n\n\n<figure class=\"wp-block-embed alignright is-type-video is-provider-youtube wp-block-embed-youtube wp-embed-aspect-16-9 wp-has-aspect-ratio\"><div class=\"wp-block-embed__wrapper\">\n<div class=\"responsive-embed\"><iframe loading=\"lazy\" hcb-fetch-image-from=\"https:\/\/www.youtube.com\/watch?v=6XeQHOPuuiw\" title=\"Einsatzstellenhygiene bei der Feuerwehr \u2013 Erreiche das n\u00e4chste Level\" width=\"880\" height=\"495\" src=\"https:\/\/www.youtube.com\/embed\/6XeQHOPuuiw?feature=oembed\" frameborder=\"0\" allow=\"accelerometer; autoplay; clipboard-write; encrypted-media; gyroscope; picture-in-picture; web-share\" referrerpolicy=\"strict-origin-when-cross-origin\" allowfullscreen><\/iframe><\/div>\n<\/div><figcaption class=\"wp-element-caption\">Einfach erkl\u00e4rt: Schwarz-Wei\u00df-Trennung \/ Einsatzstellenhygiene bei der Feuerwehr<\/figcaption><\/figure>\n\n\n\n<p>Noch viel wichtiger ist die &#8222;Schwarz-Wei\u00df Trennung&#8220; bei den Feuerwehreinsatzkr\u00e4ften. Da giftige Rauchgase nicht nur \u00fcber den Mund und die Nase eingeatmet werden k\u00f6nnen, sondern auch durch offene Poren in der Haut direkt in den K\u00f6rper gelangen, gilt es grunds\u00e4tzlich alles daf\u00fcr zu tun, dass die Einsatzkr\u00e4fte, auch nach dem Einsatz bestm\u00f6glich gesch\u00fctzt werden. Ein wichtiger Faktor dabei ist, dass die kontaminierte Einsatzkleidung nach getaner Arbeit schnellstm\u00f6glich abgelegt wird und die Einsatzkraft duschen kann. Hierf\u00fcr ist baulich eine Schleuse vorgesehen, in der die noch kontaminierte Restkleidung, denn die Einsatzschutzkleidung wird bereits an der Einsatzstelle ausgezogen und luftdicht verpackt, ausgezogen und abgelegt werden kann. Von dort geht es direkt in die Dusche und durch eine weitere separate T\u00fcr zur\u00fcck in die &#8222;saubere&#8220; Umkleidekabine mit den privaten Klamotten. Die kontaminierte Einsatzkleidung geht luftdichtverpackt in eine externe spezielle Reinigung.<\/p>\n\n\n\n<p>Witzig verpackt, ist dieser Prozess in dem Video der HFUK oben nachgestellt.<\/p>\n\n\n\n<h3 class=\"wp-block-heading\" id=\"Umfangreiche_Anforderungen_an_ein_Feuerwehrger\u00e4tehaus\">Umfangreiche Anforderungen an ein Feuerwehrger\u00e4tehaus<\/h3>\n\n\n\n<p>Nat\u00fcrlich gibt es neben den oben beschrieben Fahrzeughallen und Umkleiden noch weitere notwendige R\u00e4ume, wie einen Schulungsraum, eine Jugendfeuerwehrraum, einen Funkraum, Lagerfl\u00e4chen, eine K\u00fcche zur Verpflegung von Einsatzkr\u00e4ften bei l\u00e4ngeren Eins\u00e4tzen, B\u00fcros, eine Werkstatt uvm.<\/p>\n\n\n\n<p>Die Anforderungen an ein Feuerwehrger\u00e4tehause sind sehr umfassend und m\u00fcssen bei der Planung und dem Bau fr\u00fchzeitig bedacht werden.<\/p>\n\n\n\n<hr class=\"wp-block-separator has-alpha-channel-opacity\"\/>\n\n\n\n<h2 class=\"wp-block-heading\" id=\"Das_derzeitige_Feuerwehrger\u00e4tehaus\">Das derzeitige Feuerwehrger\u00e4tehaus<\/h2>\n\n\n\n<p>Unterm Strich kann man zusammenfassen, dass das derzeitige Feuerwehrger\u00e4tehaus in Aum\u00fchle nahezu keinem der oben genannten Anforderungen entspricht. Angefangen bei den sich kreuzenden Laufwegen zwischen an- und abr\u00fcckenden Einsatzkr\u00e4ften \u00fcber die Umkleide, die in einer ehemaligen Fahrzeugremise untergebracht ist und die weder eine Trennung zwischen Frauen und M\u00e4nnern hat, noch eine M\u00f6glichkeit bietet, sich an kalten Tagen in einem beheizten Bereich umzuziehen, bis hin zu keiner baulichen Schwarz-Wei\u00df-Trennung. Auf die beengten Platzverh\u00e4ltnisse wurde dabei noch gar nicht eingegangen. Das Hilfeleistungsl\u00f6schfahrzeug (HLF 20), streift beim Ein- und Ausfahren in die Fahrzeugremise auf beiden Seiten mit den Au\u00dfenspiegeln die Dichtlippen des Hallentores. An eine Abgasabsauganlage ist \u00fcberhaupt nicht zu denken. Deshalb stinkt es auch noch Minuten nach dem Ausfahren eines Fahrzeuges im Schulungsraum des Obergescho\u00dfes nach Abgasen. Die Liste k\u00f6nnte noch lange weitergef\u00fchrt werden&#8230;<\/p>\n\n\n\n<p>Die Grundmauern des heutigen Ger\u00e4tehause stammen zum Teil noch vom urspr\u00fcnglichen Bau von 1905. Die weiteren Remisen aus dem Jahr 1965. Seit dem musste jedes Mal wenn ein neues Fahrzeug beschafft wurde, das Feuerwehrger\u00e4tehaus aufwendig umgebaut werden, zuletzt 2015.<\/p>\n\n\n\n<figure class=\"wp-block-image size-large\"><a  href=\"https:\/\/www.feuerwehr-aumuehle.de\/wopre\/wp-content\/uploads\/2024\/06\/2024-06-fgh-fahrlaufwege-scaled.jpg\" data-rel=\"gallery-gallery-0\" data-rl_title=\"\" data-rl_caption=\"\" title=\"\"><img loading=\"lazy\" decoding=\"async\" width=\"1024\" height=\"242\" src=\"https:\/\/www.feuerwehr-aumuehle.de\/wopre\/wp-content\/uploads\/2024\/06\/2024-06-fgh-fahrlaufwege-1024x242.jpg\" alt=\"\" class=\"wp-image-6121\" srcset=\"https:\/\/www.feuerwehr-aumuehle.de\/wopre\/wp-content\/uploads\/2024\/06\/2024-06-fgh-fahrlaufwege-1024x242.jpg 1024w, https:\/\/www.feuerwehr-aumuehle.de\/wopre\/wp-content\/uploads\/2024\/06\/2024-06-fgh-fahrlaufwege-300x71.jpg 300w, https:\/\/www.feuerwehr-aumuehle.de\/wopre\/wp-content\/uploads\/2024\/06\/2024-06-fgh-fahrlaufwege-768x181.jpg 768w, https:\/\/www.feuerwehr-aumuehle.de\/wopre\/wp-content\/uploads\/2024\/06\/2024-06-fgh-fahrlaufwege-1536x363.jpg 1536w, https:\/\/www.feuerwehr-aumuehle.de\/wopre\/wp-content\/uploads\/2024\/06\/2024-06-fgh-fahrlaufwege-2048x484.jpg 2048w, https:\/\/www.feuerwehr-aumuehle.de\/wopre\/wp-content\/uploads\/2024\/06\/2024-06-fgh-fahrlaufwege-1280x302.jpg 1280w\" sizes=\"auto, (max-width: 1024px) 100vw, 1024px\" \/><\/a><figcaption class=\"wp-element-caption\">Fahr- und Laufwege am derzeitigen Feuerwehrger\u00e4tehaus<\/figcaption><\/figure>\n\n\n\n<figure class=\"wp-block-gallery has-nested-images columns-default is-cropped wp-block-gallery-1 is-layout-flex wp-block-gallery-is-layout-flex\">\n<figure class=\"wp-block-image size-large\"><a  href=\"https:\/\/www.feuerwehr-aumuehle.de\/wopre\/wp-content\/uploads\/2024\/06\/202406-fgh-vorne.jpeg\" data-rel=\"gallery-gallery-0\" data-rl_title=\"\" data-rl_caption=\"\" title=\"\"><img loading=\"lazy\" decoding=\"async\" width=\"1024\" height=\"768\" data-id=\"6114\" src=\"https:\/\/www.feuerwehr-aumuehle.de\/wopre\/wp-content\/uploads\/2024\/06\/202406-fgh-vorne-1024x768.jpeg\" alt=\"\" class=\"wp-image-6114\" srcset=\"https:\/\/www.feuerwehr-aumuehle.de\/wopre\/wp-content\/uploads\/2024\/06\/202406-fgh-vorne-1024x768.jpeg 1024w, https:\/\/www.feuerwehr-aumuehle.de\/wopre\/wp-content\/uploads\/2024\/06\/202406-fgh-vorne-300x225.jpeg 300w, https:\/\/www.feuerwehr-aumuehle.de\/wopre\/wp-content\/uploads\/2024\/06\/202406-fgh-vorne-768x576.jpeg 768w, https:\/\/www.feuerwehr-aumuehle.de\/wopre\/wp-content\/uploads\/2024\/06\/202406-fgh-vorne-600x450.jpeg 600w, https:\/\/www.feuerwehr-aumuehle.de\/wopre\/wp-content\/uploads\/2024\/06\/202406-fgh-vorne-1280x960.jpeg 1280w, https:\/\/www.feuerwehr-aumuehle.de\/wopre\/wp-content\/uploads\/2024\/06\/202406-fgh-vorne.jpeg 1440w\" sizes=\"auto, (max-width: 1024px) 100vw, 1024px\" \/><\/a><figcaption class=\"wp-element-caption\">F\u00fcr moderne Gro\u00dffahrzeuge sind die Hallen zu klein. In der Halle links wurde bereits der Boden herabgesetzt.<\/figcaption><\/figure>\n\n\n\n<figure class=\"wp-block-image size-large\"><a  href=\"https:\/\/www.feuerwehr-aumuehle.de\/wopre\/wp-content\/uploads\/2024\/06\/202406-hlf-spiegel.jpeg\" data-rel=\"gallery-gallery-0\" data-rl_title=\"\" data-rl_caption=\"\" title=\"\"><img loading=\"lazy\" decoding=\"async\" width=\"1024\" height=\"768\" data-id=\"6115\" src=\"https:\/\/www.feuerwehr-aumuehle.de\/wopre\/wp-content\/uploads\/2024\/06\/202406-hlf-spiegel-1024x768.jpeg\" alt=\"\" class=\"wp-image-6115\" srcset=\"https:\/\/www.feuerwehr-aumuehle.de\/wopre\/wp-content\/uploads\/2024\/06\/202406-hlf-spiegel-1024x768.jpeg 1024w, https:\/\/www.feuerwehr-aumuehle.de\/wopre\/wp-content\/uploads\/2024\/06\/202406-hlf-spiegel-300x225.jpeg 300w, https:\/\/www.feuerwehr-aumuehle.de\/wopre\/wp-content\/uploads\/2024\/06\/202406-hlf-spiegel-768x576.jpeg 768w, https:\/\/www.feuerwehr-aumuehle.de\/wopre\/wp-content\/uploads\/2024\/06\/202406-hlf-spiegel-600x450.jpeg 600w, https:\/\/www.feuerwehr-aumuehle.de\/wopre\/wp-content\/uploads\/2024\/06\/202406-hlf-spiegel-1280x960.jpeg 1280w, https:\/\/www.feuerwehr-aumuehle.de\/wopre\/wp-content\/uploads\/2024\/06\/202406-hlf-spiegel.jpeg 1440w\" sizes=\"auto, (max-width: 1024px) 100vw, 1024px\" \/><\/a><figcaption class=\"wp-element-caption\">Sehr eng &#8211; der Au\u00dfenspiegel streift am Tor. <\/figcaption><\/figure>\n\n\n\n<figure class=\"wp-block-image size-large\"><a  href=\"https:\/\/www.feuerwehr-aumuehle.de\/wopre\/wp-content\/uploads\/2024\/06\/202406-umkleide-rotated.jpeg\" data-rel=\"gallery-gallery-0\" data-rl_title=\"\" data-rl_caption=\"\" title=\"\"><img loading=\"lazy\" decoding=\"async\" width=\"768\" height=\"1024\" data-id=\"6118\" src=\"https:\/\/www.feuerwehr-aumuehle.de\/wopre\/wp-content\/uploads\/2024\/06\/202406-umkleide-768x1024.jpeg\" alt=\"\" class=\"wp-image-6118\" srcset=\"https:\/\/www.feuerwehr-aumuehle.de\/wopre\/wp-content\/uploads\/2024\/06\/202406-umkleide-768x1024.jpeg 768w, https:\/\/www.feuerwehr-aumuehle.de\/wopre\/wp-content\/uploads\/2024\/06\/202406-umkleide-225x300.jpeg 225w, https:\/\/www.feuerwehr-aumuehle.de\/wopre\/wp-content\/uploads\/2024\/06\/202406-umkleide-720x960.jpeg 720w, https:\/\/www.feuerwehr-aumuehle.de\/wopre\/wp-content\/uploads\/2024\/06\/202406-umkleide-rotated.jpeg 1080w\" sizes=\"auto, (max-width: 768px) 100vw, 768px\" \/><\/a><figcaption class=\"wp-element-caption\">Umkleide in ehemaligen Remise. Einziger Zugang das Tor. Auch bei Minustemperaturen.<\/figcaption><\/figure>\n\n\n\n<figure class=\"wp-block-image size-large\"><a  href=\"https:\/\/www.feuerwehr-aumuehle.de\/wopre\/wp-content\/uploads\/2024\/06\/202406-umkleide2-rotated.jpeg\" data-rel=\"gallery-gallery-0\" data-rl_title=\"\" data-rl_caption=\"\" title=\"\"><img loading=\"lazy\" decoding=\"async\" width=\"768\" height=\"1024\" data-id=\"6119\" src=\"https:\/\/www.feuerwehr-aumuehle.de\/wopre\/wp-content\/uploads\/2024\/06\/202406-umkleide2-768x1024.jpeg\" alt=\"\" class=\"wp-image-6119\" srcset=\"https:\/\/www.feuerwehr-aumuehle.de\/wopre\/wp-content\/uploads\/2024\/06\/202406-umkleide2-768x1024.jpeg 768w, https:\/\/www.feuerwehr-aumuehle.de\/wopre\/wp-content\/uploads\/2024\/06\/202406-umkleide2-225x300.jpeg 225w, https:\/\/www.feuerwehr-aumuehle.de\/wopre\/wp-content\/uploads\/2024\/06\/202406-umkleide2-720x960.jpeg 720w, https:\/\/www.feuerwehr-aumuehle.de\/wopre\/wp-content\/uploads\/2024\/06\/202406-umkleide2-rotated.jpeg 1080w\" sizes=\"auto, (max-width: 768px) 100vw, 768px\" \/><\/a><figcaption class=\"wp-element-caption\">Keine Trennung zwischen Frauen und M\u00e4nnern. Im Einsatzfall zus\u00e4tzlich sehr eng.<\/figcaption><\/figure>\n\n\n\n<figure class=\"wp-block-image size-large\"><a  href=\"https:\/\/www.feuerwehr-aumuehle.de\/wopre\/wp-content\/uploads\/2024\/06\/202406-umkleide3.jpeg\" data-rel=\"gallery-gallery-0\" data-rl_title=\"\" data-rl_caption=\"\" title=\"\"><img loading=\"lazy\" decoding=\"async\" width=\"1024\" height=\"768\" data-id=\"6120\" src=\"https:\/\/www.feuerwehr-aumuehle.de\/wopre\/wp-content\/uploads\/2024\/06\/202406-umkleide3-1024x768.jpeg\" alt=\"\" class=\"wp-image-6120\" srcset=\"https:\/\/www.feuerwehr-aumuehle.de\/wopre\/wp-content\/uploads\/2024\/06\/202406-umkleide3-1024x768.jpeg 1024w, https:\/\/www.feuerwehr-aumuehle.de\/wopre\/wp-content\/uploads\/2024\/06\/202406-umkleide3-300x225.jpeg 300w, https:\/\/www.feuerwehr-aumuehle.de\/wopre\/wp-content\/uploads\/2024\/06\/202406-umkleide3-768x576.jpeg 768w, https:\/\/www.feuerwehr-aumuehle.de\/wopre\/wp-content\/uploads\/2024\/06\/202406-umkleide3-600x450.jpeg 600w, https:\/\/www.feuerwehr-aumuehle.de\/wopre\/wp-content\/uploads\/2024\/06\/202406-umkleide3-1280x960.jpeg 1280w, https:\/\/www.feuerwehr-aumuehle.de\/wopre\/wp-content\/uploads\/2024\/06\/202406-umkleide3.jpeg 1440w\" sizes=\"auto, (max-width: 1024px) 100vw, 1024px\" \/><\/a><figcaption class=\"wp-element-caption\">Beengte Platzverh\u00e4ltnisse auch f\u00fcr die Jugendfeuerwehr &amp; Blaulichtminis.<\/figcaption><\/figure>\n\n\n\n<figure class=\"wp-block-image size-large\"><a  href=\"https:\/\/www.feuerwehr-aumuehle.de\/wopre\/wp-content\/uploads\/2024\/06\/202406-umbau-rueckseite.jpeg\" data-rel=\"gallery-gallery-0\" data-rl_title=\"\" data-rl_caption=\"\" title=\"\"><img loading=\"lazy\" decoding=\"async\" width=\"1024\" height=\"768\" data-id=\"6117\" src=\"https:\/\/www.feuerwehr-aumuehle.de\/wopre\/wp-content\/uploads\/2024\/06\/202406-umbau-rueckseite-1024x768.jpeg\" alt=\"\" class=\"wp-image-6117\" srcset=\"https:\/\/www.feuerwehr-aumuehle.de\/wopre\/wp-content\/uploads\/2024\/06\/202406-umbau-rueckseite-1024x768.jpeg 1024w, https:\/\/www.feuerwehr-aumuehle.de\/wopre\/wp-content\/uploads\/2024\/06\/202406-umbau-rueckseite-300x225.jpeg 300w, https:\/\/www.feuerwehr-aumuehle.de\/wopre\/wp-content\/uploads\/2024\/06\/202406-umbau-rueckseite-768x576.jpeg 768w, https:\/\/www.feuerwehr-aumuehle.de\/wopre\/wp-content\/uploads\/2024\/06\/202406-umbau-rueckseite-600x450.jpeg 600w, https:\/\/www.feuerwehr-aumuehle.de\/wopre\/wp-content\/uploads\/2024\/06\/202406-umbau-rueckseite-1280x960.jpeg 1280w, https:\/\/www.feuerwehr-aumuehle.de\/wopre\/wp-content\/uploads\/2024\/06\/202406-umbau-rueckseite.jpeg 1440w\" sizes=\"auto, (max-width: 1024px) 100vw, 1024px\" \/><\/a><figcaption class=\"wp-element-caption\">Das Feuerwehrger\u00e4tehaus wurde bereits viele Male erweitert. Zuletzt 2015, damit das HLF von der L\u00e4nge reinpasst.<\/figcaption><\/figure>\n\n\n\n<figure class=\"wp-block-image size-large\"><a  href=\"https:\/\/www.feuerwehr-aumuehle.de\/wopre\/wp-content\/uploads\/2024\/06\/202406-abgase_treppe.jpeg\" data-rel=\"gallery-gallery-0\" data-rl_title=\"\" data-rl_caption=\"\" title=\"\"><img loading=\"lazy\" decoding=\"async\" width=\"1024\" height=\"768\" data-id=\"6113\" src=\"https:\/\/www.feuerwehr-aumuehle.de\/wopre\/wp-content\/uploads\/2024\/06\/202406-abgase_treppe-1024x768.jpeg\" alt=\"\" class=\"wp-image-6113\" srcset=\"https:\/\/www.feuerwehr-aumuehle.de\/wopre\/wp-content\/uploads\/2024\/06\/202406-abgase_treppe-1024x768.jpeg 1024w, https:\/\/www.feuerwehr-aumuehle.de\/wopre\/wp-content\/uploads\/2024\/06\/202406-abgase_treppe-300x225.jpeg 300w, https:\/\/www.feuerwehr-aumuehle.de\/wopre\/wp-content\/uploads\/2024\/06\/202406-abgase_treppe-768x576.jpeg 768w, https:\/\/www.feuerwehr-aumuehle.de\/wopre\/wp-content\/uploads\/2024\/06\/202406-abgase_treppe-600x450.jpeg 600w, https:\/\/www.feuerwehr-aumuehle.de\/wopre\/wp-content\/uploads\/2024\/06\/202406-abgase_treppe-1280x960.jpeg 1280w, https:\/\/www.feuerwehr-aumuehle.de\/wopre\/wp-content\/uploads\/2024\/06\/202406-abgase_treppe.jpeg 1440w\" sizes=\"auto, (max-width: 1024px) 100vw, 1024px\" \/><\/a><figcaption class=\"wp-element-caption\">Die Abgas der Fahrzeuge k\u00f6nnen ungehindert durch die sonst geschlossene Feuerschutzt\u00fcr ins OG gelangen. Eine Absauganlage gibt es nicht.<\/figcaption><\/figure>\n\n\n\n<figure class=\"wp-block-image size-large\"><a  href=\"https:\/\/www.feuerwehr-aumuehle.de\/wopre\/wp-content\/uploads\/2024\/06\/202406-treppe-schutzkleidung-rotated.jpeg\" data-rel=\"gallery-gallery-0\" data-rl_title=\"\" data-rl_caption=\"\" title=\"\"><img loading=\"lazy\" decoding=\"async\" width=\"768\" height=\"1024\" data-id=\"6116\" src=\"https:\/\/www.feuerwehr-aumuehle.de\/wopre\/wp-content\/uploads\/2024\/06\/202406-treppe-schutzkleidung-768x1024.jpeg\" alt=\"\" class=\"wp-image-6116\" srcset=\"https:\/\/www.feuerwehr-aumuehle.de\/wopre\/wp-content\/uploads\/2024\/06\/202406-treppe-schutzkleidung-768x1024.jpeg 768w, https:\/\/www.feuerwehr-aumuehle.de\/wopre\/wp-content\/uploads\/2024\/06\/202406-treppe-schutzkleidung-225x300.jpeg 225w, https:\/\/www.feuerwehr-aumuehle.de\/wopre\/wp-content\/uploads\/2024\/06\/202406-treppe-schutzkleidung-720x960.jpeg 720w, https:\/\/www.feuerwehr-aumuehle.de\/wopre\/wp-content\/uploads\/2024\/06\/202406-treppe-schutzkleidung-rotated.jpeg 1080w\" sizes=\"auto, (max-width: 768px) 100vw, 768px\" \/><\/a><figcaption class=\"wp-element-caption\">Wer beim Dienst in Schutzausr\u00fcstung auf die Toilette muss, muss vorher die Kleidung wechseln. Denn im Obergescho\u00df ist das Tragen von Einsatzkleidung aus hygienischen Gr\u00fcnden nicht erlaubt.<\/figcaption><\/figure>\n<\/figure>\n\n\n\n<hr class=\"wp-block-separator has-alpha-channel-opacity\"\/>\n\n\n\n<h2 class=\"wp-block-heading\" id=\"Planung_des_Neubaues\">Planung des Neubaues<\/h2>\n\n\n\n<p>Die Gemeinde Aum\u00fchle hat bereits vor einigen Jahren die Notwendigkeit erkannt, dass weitere Umbauma\u00dfnahmen am vorhandenen Feuerwehrger\u00e4tehaus nicht zielf\u00fchrend sind. Denn nicht nur die Hanseatische Unfallkasse bem\u00e4ngelt seit vielen Jahren die sehr engen Platzverh\u00e4ltnisse und Laufwegskreuzungen, die ein erhebliches Unfallpotential darstellen. Auch die Wehrf\u00fchrungen der letzten Jahrzehnte haben bei der Gemeinde immer wieder diverse nicht l\u00e4nger tragbaren Umst\u00e4nde bem\u00e4ngelt. <\/p>\n\n\n\n<p>Aus diesem Grund hat die Gemeinde Aum\u00fchle, als Tr\u00e4ger der Freiwilligen Feuerwehr, eine Arbeitsgruppe gebildet, die den Auftrag erhielt, das gesamte Gel\u00e4nde Bergstra\u00dfe 9-11 zu betrachten und dabei auch ein  neues Feuerwehrger\u00e4tehaus nach heutigen Standards zu planen.<\/p>\n\n\n<div class=\"wp-block-image\">\n<figure class=\"alignleft size-large is-resized\"><a  href=\"https:\/\/www.feuerwehr-aumuehle.de\/wopre\/wp-content\/uploads\/2024\/06\/2024_ausschnitt_bplan_bs9-11.png\" data-rel=\"gallery-gallery-0\" data-rl_title=\"\" data-rl_caption=\"\" title=\"\"><img loading=\"lazy\" decoding=\"async\" width=\"1024\" height=\"813\" src=\"https:\/\/www.feuerwehr-aumuehle.de\/wopre\/wp-content\/uploads\/2024\/06\/2024_ausschnitt_bplan_bs9-11-1024x813.png\" alt=\"\" class=\"wp-image-6102\" style=\"aspect-ratio:1;object-fit:cover;width:250px\" srcset=\"https:\/\/www.feuerwehr-aumuehle.de\/wopre\/wp-content\/uploads\/2024\/06\/2024_ausschnitt_bplan_bs9-11-1024x813.png 1024w, https:\/\/www.feuerwehr-aumuehle.de\/wopre\/wp-content\/uploads\/2024\/06\/2024_ausschnitt_bplan_bs9-11-300x238.png 300w, https:\/\/www.feuerwehr-aumuehle.de\/wopre\/wp-content\/uploads\/2024\/06\/2024_ausschnitt_bplan_bs9-11-768x610.png 768w, https:\/\/www.feuerwehr-aumuehle.de\/wopre\/wp-content\/uploads\/2024\/06\/2024_ausschnitt_bplan_bs9-11-1209x960.png 1209w, https:\/\/www.feuerwehr-aumuehle.de\/wopre\/wp-content\/uploads\/2024\/06\/2024_ausschnitt_bplan_bs9-11.png 1482w\" sizes=\"auto, (max-width: 1024px) 100vw, 1024px\" \/><\/a><\/figure>\n<\/div>\n\n\n<p>Nachdem die Gemeinde Aum\u00fchle das vorne an der Bergstra\u00dfe liegende Grundst\u00fcck erworben hatte, erfolgte die <a href=\"https:\/\/www.amt-hohe-elbgeest.de\/Gemeinden\/Aum%C3%BChle\/Bauleitplanung\/Wirksame-Bauleitpl%C3%A4ne\/\">\u00c4nderung des B-Planes<\/a> in diesem Bereich. Dabei wurde viele Abw\u00e4gungen getroffen, an welchem Standort ein Feuerwehrger\u00e4tehaus optimal w\u00e4re. Zun\u00e4chst war auch ein Bereich in der bewachsenen Gr\u00fcnfl\u00e4che zur Bismarckallee in Betracht gezogen worden. Diese wurde jedoch aufgrund von mehreren Trinkwasserbrunnen in dem Gebiet, sowie eines notwendigen &#8222;Dunkelkorridors&#8220; f\u00fcr Flederm\u00e4use als nicht geeignet, zu den Akten gelegte.<\/p>\n","protected":false},"excerpt":{"rendered":"<p>Das Feuerwehrger\u00e4tehaus &#8211; der Dreh- und Angelpunkt Das Feuerwehrger\u00e4tehaus ist der zentrale Dreh- und Angelpunkt einer jeden Feuerwehr. Meist von weitem durch die gro\u00dfen Fahrzeugtore erkennbar, dient der funktionale Bau dazu, den Einsatzkr\u00e4ften das Ausr\u00fccken im Alarmfall z\u00fcgig zu erm\u00f6glichen. Von au\u00dfen betrachtet wirken diese Geb\u00e4ude meist schlicht und eckig, in ihnen steckt jedoch eine [&hellip;]<\/p>\n","protected":false},"author":2,"featured_media":6071,"parent":0,"menu_order":0,"comment_status":"closed","ping_status":"closed","template":"","meta":{"footnotes":""},"class_list":["post-6045","page","type-page","status-publish","has-post-thumbnail","hentry"],"_links":{"self":[{"href":"https:\/\/www.feuerwehr-aumuehle.de\/wopre\/wp-json\/wp\/v2\/pages\/6045","targetHints":{"allow":["GET"]}}],"collection":[{"href":"https:\/\/www.feuerwehr-aumuehle.de\/wopre\/wp-json\/wp\/v2\/pages"}],"about":[{"href":"https:\/\/www.feuerwehr-aumuehle.de\/wopre\/wp-json\/wp\/v2\/types\/page"}],"author":[{"embeddable":true,"href":"https:\/\/www.feuerwehr-aumuehle.de\/wopre\/wp-json\/wp\/v2\/users\/2"}],"replies":[{"embeddable":true,"href":"https:\/\/www.feuerwehr-aumuehle.de\/wopre\/wp-json\/wp\/v2\/comments?post=6045"}],"version-history":[{"count":30,"href":"https:\/\/www.feuerwehr-aumuehle.de\/wopre\/wp-json\/wp\/v2\/pages\/6045\/revisions"}],"predecessor-version":[{"id":6134,"href":"https:\/\/www.feuerwehr-aumuehle.de\/wopre\/wp-json\/wp\/v2\/pages\/6045\/revisions\/6134"}],"wp:featuredmedia":[{"embeddable":true,"href":"https:\/\/www.feuerwehr-aumuehle.de\/wopre\/wp-json\/wp\/v2\/media\/6071"}],"wp:attachment":[{"href":"https:\/\/www.feuerwehr-aumuehle.de\/wopre\/wp-json\/wp\/v2\/media?parent=6045"}],"curies":[{"name":"wp","href":"https:\/\/api.w.org\/{rel}","templated":true}]}}